{"id":646,"date":"2013-02-16T11:44:46","date_gmt":"2013-02-16T11:44:46","guid":{"rendered":"http:\/\/www.nina.dev\/?page_id=646"},"modified":"2025-01-02T16:23:58","modified_gmt":"2025-01-02T14:23:58","slug":"kontakt","status":"publish","type":"page","link":"https:\/\/puisenina.ee\/en\/kontakt\/","title":{"rendered":"Contact"},"content":{"rendered":"<p><iframe style=\"border: 0;\" src=\"https:\/\/www.google.com\/maps\/embed?pb=!1m18!1m12!1m3!1d66152.50402371526!2d23.524175877851256!3d58.79274533046276!2m3!1f0!2f0!3f0!3m2!1i1024!2i768!4f13.1!3m3!1m2!1s0x46ed604a96ab46ed%3A0x6c5427509bc73934!2sPuise+Nina+K%C3%BClalistemaja!5e0!3m2!1set!2see!4v1509350553297\" width=\"750\" height=\"400\" frameborder=\"0\" allowfullscreen=\"allowfullscreen\"><\/iframe><\/p>\n<p>117 km from Tallinn\u00a0 and\u00a0 30 km from Haapsalu<\/p>\n<h3>Puise Nina Talu<\/h3>\n<p>Leidrek O\u00dc<\/p>\n<p>Puise k\u00fcla, Haapsalu, L\u00e4\u00e4nemaa 90420<\/p>\n<p>Mob: +372 511 7246; +372 528 2146<\/p>\n<p>E-mail: leidrek@gmail.com<\/p>\n<h4>Kirjuta meile<\/h4>\n<p><span style=\"text-decoration: underline;\"><div class=\"fusion-fullwidth fullwidth-box fusion-builder-row-1 hundred-percent-fullwidth non-hundred-percent-height-scrolling\" style=\"--awb-border-radius-top-left:0px;--awb-border-radius-top-right:0px;--awb-border-radius-bottom-right:0px;--awb-border-radius-bottom-left:0px;--awb-overflow:visible;--awb-flex-wrap:wrap;\" ><div class=\"fusion-builder-row fusion-row\"><div class=\"fusion-layout-column fusion_builder_column fusion-builder-column-0 fusion_builder_column_1_1 1_1 fusion-one-full fusion-column-first fusion-column-last fusion-column-no-min-height\" style=\"--awb-bg-size:cover;--awb-margin-bottom:0px;\"><div class=\"fusion-column-wrapper fusion-flex-column-wrapper-legacy\"><div class='fluentform ff-default fluentform_wrapper_6 ffs_default_wrap'><form data-form_id=\"6\" id=\"fluentform_6\" class=\"frm-fluent-form fluent_form_6 ff-el-form-top ff_form_instance_6_1 ff-form-loading ffs_default\" data-form_instance=\"ff_form_instance_6_1\" method=\"POST\" ><fieldset  style=\"border: none!important;margin: 0!important;padding: 0!important;background-color: transparent!important;box-shadow: none!important;outline: none!important; min-inline-size: 100%;\">\n                    <legend class=\"ff_screen_reader_title\" style=\"display: block; margin: 0!important;padding: 0!important;height: 0!important;text-indent: -999999px;width: 0!important;overflow:hidden;\">Kontakt ENG<\/legend>        <div\n                style=\"display: none!important; position: absolute!important; transform: translateX(1000%)!important;\"\n                class=\"ff-el-group ff-hpsf-container\"\n        >\n            <div class=\"ff-el-input--label asterisk-right\">\n                <label for=\"ff_6_item_sf\" aria-label=\"Contact\">\n                    Contact                <\/label>\n            <\/div>\n            <div class=\"ff-el-input--content\">\n                <input type=\"text\"\n                       name=\"item_6__fluent_sf\"\n                       class=\"ff-el-form-control\"\n                       id=\"ff_6_item_sf\"\n                \/>\n            <\/div>\n        <\/div>\n        <input type='hidden' name='__fluent_form_embded_post_id' value='646' \/><input type=\"hidden\" id=\"_fluentform_6_fluentformnonce\" name=\"_fluentform_6_fluentformnonce\" value=\"33ad2621dc\" \/><input type=\"hidden\" name=\"_wp_http_referer\" value=\"\/en\/wp-json\/wp\/v2\/pages\/646\" \/><div data-name=\"ff_cn_id_1\"  class='ff-t-container ff-column-container ff_columns_total_2 '><div class='ff-t-cell ff-t-column-1' style='flex-basis: 50%;'><div class='ff-el-group ff-el-form-top'><div class=\"ff-el-input--label ff-el-is-required asterisk-right\"><label for='ff_6_nimi_1' id='label_ff_6_nimi_1' aria-label=\"Name\">Name<\/label><\/div><div class='ff-el-input--content'><input type=\"text\" name=\"nimi_1\" class=\"ff-el-form-control\" id=\"ff_6_nimi_1\" data-name=\"nimi_1\"  aria-invalid=\"false\" aria-required=true><\/div><\/div><\/div><div class='ff-t-cell ff-t-column-2' style='flex-basis: 50%;'><div class='ff-el-group ff-el-form-top'><div class=\"ff-el-input--label ff-el-is-required asterisk-right\"><label for='ff_6_e_mail_2' id='label_ff_6_e_mail_2' aria-label=\"E-mail\">E-mail<\/label><\/div><div class='ff-el-input--content'><input type=\"email\" name=\"e_mail_2\" class=\"ff-el-form-control\" id=\"ff_6_e_mail_2\" data-name=\"e_mail_2\"  aria-invalid=\"false\" aria-required=true><\/div><\/div><\/div><\/div><div class='ff-el-group ff-el-form-top'><div class=\"ff-el-input--label ff-el-is-required asterisk-right\"><label for='ff_6_sonum_3' id='label_ff_6_sonum_3' aria-label=\"Message\">Message<\/label><\/div><div class='ff-el-input--content'><textarea aria-required=\"true\" aria-labelledby=\"label_ff_6_sonum_3\" name=\"sonum_3\" class=\"ff-el-form-control\" id=\"ff_6_sonum_3\" rows=\"6\" cols=\"2\" data-name=\"sonum_3\" ><\/textarea><\/div><\/div><div class='ff-el-group ff-text-left ff_submit_btn_wrapper'><button type=\"submit\" class=\"ff-btn ff-btn-submit ff-btn-md ff_btn_style\"  aria-label=\"Send message\">Send message<\/button><\/div><\/fieldset><\/form><div id='fluentform_6_errors' class='ff-errors-in-stack ff_form_instance_6_1 ff-form-loading_errors ff_form_instance_6_1_errors'><\/div><\/div>            <script type=\"text\/javascript\">\n                window.fluent_form_ff_form_instance_6_1 = {\"id\":\"6\",\"ajaxUrl\":\"https:\\\/\\\/puisenina.ee\\\/wp-admin\\\/admin-ajax.php\",\"settings\":{\"layout\":{\"labelPlacement\":\"top\",\"helpMessagePlacement\":\"with_label\",\"errorMessagePlacement\":\"inline\",\"cssClassName\":\"\",\"asteriskPlacement\":\"asterisk-right\"},\"restrictions\":{\"denyEmptySubmission\":{\"enabled\":false}}},\"form_instance\":\"ff_form_instance_6_1\",\"form_id_selector\":\"fluentform_6\",\"rules\":{\"nimi_1\":{\"required\":{\"value\":true,\"message\":\"This field is required\",\"global\":false,\"global_message\":\"This field is required\"}},\"e_mail_2\":{\"required\":{\"value\":true,\"message\":\"This field is required\",\"global\":false,\"global_message\":\"This field is required\"},\"email\":{\"value\":1,\"message\":\"This field must contain a valid email\",\"global\":false,\"global_message\":\"This field must contain a valid email\"}},\"sonum_3\":{\"required\":{\"value\":true,\"message\":\"This field is required\",\"global\":false,\"global_message\":\"This field is required\"}}},\"debounce_time\":300};\n                            <\/script>\n            <\/span><div class=\"fusion-clearfix\"><\/div><\/div><\/div><\/div><\/div><\/p>\n","protected":false},"excerpt":{"rendered":"<p>117 km from Tallinn\u00a0 and\u00a0 30 km from Haapsalu Puise Nina Talu Leidrek O\u00dc Puise k\u00fcla, Haapsalu, L\u00e4\u00e4nemaa 90420 Mob: +372 511 7246; +372 528 2146 E-mail: leidrek@gmail.com Kirjuta meile<\/p>\n","protected":false},"author":4,"featured_media":0,"parent":0,"menu_order":7,"comment_status":"closed","ping_status":"closed","template":"","meta":{"footnotes":""},"class_list":["post-646","page","type-page","status-publish","hentry"],"yoast_head":"<!-- This site is optimized with the Yoast SEO plugin v27.4 - https:\/\/yoast.com\/product\/yoast-seo-wordpress\/ -->\n<title>Puise Nina Talu - Kontakt<\/title>\n<meta name=\"description\" content=\"Puise Nina Talu - Linnuvaatlustorn ja majutus.\" \/>\n<meta name=\"robots\" content=\"index, follow, max-snippet:-1, max-image-preview:large, max-video-preview:-1\" \/>\n<link rel=\"canonical\" href=\"https:\/\/puisenina.ee\/en\/kontakt\/\" \/>\n<meta property=\"og:locale\" content=\"en_US\" \/>\n<meta property=\"og:type\" content=\"article\" \/>\n<meta property=\"og:title\" content=\"Puise Nina Talu - Kontakt\" \/>\n<meta property=\"og:description\" content=\"Puise Nina Talu - Linnuvaatlustorn ja majutus.\" \/>\n<meta property=\"og:url\" content=\"https:\/\/puisenina.ee\/en\/kontakt\/\" \/>\n<meta property=\"og:site_name\" content=\"Puise Nina k\u00fclalistemaja\" \/>\n<meta property=\"article:modified_time\" content=\"2025-01-02T14:23:58+00:00\" \/>\n<meta name=\"twitter:label1\" content=\"Est. reading time\" \/>\n\t<meta name=\"twitter:data1\" content=\"1 minute\" \/>\n<script type=\"application\/ld+json\" class=\"yoast-schema-graph\">{\"@context\":\"https:\\\/\\\/schema.org\",\"@graph\":[{\"@type\":\"WebPage\",\"@id\":\"https:\\\/\\\/puisenina.ee\\\/en\\\/kontakt\\\/\",\"url\":\"https:\\\/\\\/puisenina.ee\\\/en\\\/kontakt\\\/\",\"name\":\"Puise Nina Talu - Kontakt\",\"isPartOf\":{\"@id\":\"https:\\\/\\\/puisenina.ee\\\/#website\"},\"datePublished\":\"2013-02-16T11:44:46+00:00\",\"dateModified\":\"2025-01-02T14:23:58+00:00\",\"description\":\"Puise Nina Talu - Linnuvaatlustorn ja majutus.\",\"breadcrumb\":{\"@id\":\"https:\\\/\\\/puisenina.ee\\\/en\\\/kontakt\\\/#breadcrumb\"},\"inLanguage\":\"en-US\",\"potentialAction\":[{\"@type\":\"ReadAction\",\"target\":[\"https:\\\/\\\/puisenina.ee\\\/en\\\/kontakt\\\/\"]}]},{\"@type\":\"BreadcrumbList\",\"@id\":\"https:\\\/\\\/puisenina.ee\\\/en\\\/kontakt\\\/#breadcrumb\",\"itemListElement\":[{\"@type\":\"ListItem\",\"position\":1,\"name\":\"Home\",\"item\":\"https:\\\/\\\/puisenina.ee\\\/en\\\/\"},{\"@type\":\"ListItem\",\"position\":2,\"name\":\"Contact\"}]},{\"@type\":\"WebSite\",\"@id\":\"https:\\\/\\\/puisenina.ee\\\/#website\",\"url\":\"https:\\\/\\\/puisenina.ee\\\/\",\"name\":\"Puise Nina k\u00fclalistemaja\",\"description\":\"Maal\u00e4hedane ja looduss\u00f5bralik puhkus\",\"potentialAction\":[{\"@type\":\"SearchAction\",\"target\":{\"@type\":\"EntryPoint\",\"urlTemplate\":\"https:\\\/\\\/puisenina.ee\\\/?s={search_term_string}\"},\"query-input\":{\"@type\":\"PropertyValueSpecification\",\"valueRequired\":true,\"valueName\":\"search_term_string\"}}],\"inLanguage\":\"en-US\"}]}<\/script>\n<!-- \/ Yoast SEO plugin. -->","yoast_head_json":{"title":"Puise Nina Talu - Kontakt","description":"Puise Nina Talu - Linnuvaatlustorn ja majutus.","robots":{"index":"index","follow":"follow","max-snippet":"max-snippet:-1","max-image-preview":"max-image-preview:large","max-video-preview":"max-video-preview:-1"},"canonical":"https:\/\/puisenina.ee\/en\/kontakt\/","og_locale":"en_US","og_type":"article","og_title":"Puise Nina Talu - Kontakt","og_description":"Puise Nina Talu - Linnuvaatlustorn ja majutus.","og_url":"https:\/\/puisenina.ee\/en\/kontakt\/","og_site_name":"Puise Nina k\u00fclalistemaja","article_modified_time":"2025-01-02T14:23:58+00:00","twitter_misc":{"Est. reading time":"1 minute"},"schema":{"@context":"https:\/\/schema.org","@graph":[{"@type":"WebPage","@id":"https:\/\/puisenina.ee\/en\/kontakt\/","url":"https:\/\/puisenina.ee\/en\/kontakt\/","name":"Puise Nina Talu - Kontakt","isPartOf":{"@id":"https:\/\/puisenina.ee\/#website"},"datePublished":"2013-02-16T11:44:46+00:00","dateModified":"2025-01-02T14:23:58+00:00","description":"Puise Nina Talu - Linnuvaatlustorn ja majutus.","breadcrumb":{"@id":"https:\/\/puisenina.ee\/en\/kontakt\/#breadcrumb"},"inLanguage":"en-US","potentialAction":[{"@type":"ReadAction","target":["https:\/\/puisenina.ee\/en\/kontakt\/"]}]},{"@type":"BreadcrumbList","@id":"https:\/\/puisenina.ee\/en\/kontakt\/#breadcrumb","itemListElement":[{"@type":"ListItem","position":1,"name":"Home","item":"https:\/\/puisenina.ee\/en\/"},{"@type":"ListItem","position":2,"name":"Contact"}]},{"@type":"WebSite","@id":"https:\/\/puisenina.ee\/#website","url":"https:\/\/puisenina.ee\/","name":"Puise Nina k\u00fclalistemaja","description":"Maal\u00e4hedane ja looduss\u00f5bralik puhkus","potentialAction":[{"@type":"SearchAction","target":{"@type":"EntryPoint","urlTemplate":"https:\/\/puisenina.ee\/?s={search_term_string}"},"query-input":{"@type":"PropertyValueSpecification","valueRequired":true,"valueName":"search_term_string"}}],"inLanguage":"en-US"}]}},"_links":{"self":[{"href":"https:\/\/puisenina.ee\/en\/wp-json\/wp\/v2\/pages\/646","targetHints":{"allow":["GET"]}}],"collection":[{"href":"https:\/\/puisenina.ee\/en\/wp-json\/wp\/v2\/pages"}],"about":[{"href":"https:\/\/puisenina.ee\/en\/wp-json\/wp\/v2\/types\/page"}],"author":[{"embeddable":true,"href":"https:\/\/puisenina.ee\/en\/wp-json\/wp\/v2\/users\/4"}],"replies":[{"embeddable":true,"href":"https:\/\/puisenina.ee\/en\/wp-json\/wp\/v2\/comments?post=646"}],"version-history":[{"count":4,"href":"https:\/\/puisenina.ee\/en\/wp-json\/wp\/v2\/pages\/646\/revisions"}],"predecessor-version":[{"id":2311,"href":"https:\/\/puisenina.ee\/en\/wp-json\/wp\/v2\/pages\/646\/revisions\/2311"}],"wp:attachment":[{"href":"https:\/\/puisenina.ee\/en\/wp-json\/wp\/v2\/media?parent=646"}],"curies":[{"name":"wp","href":"https:\/\/api.w.org\/{rel}","templated":true}]}}