{"id":641,"date":"2013-07-16T22:06:21","date_gmt":"2013-07-16T20:06:21","guid":{"rendered":"http:\/\/www.nina.dev\/?page_id=641"},"modified":"2015-03-23T11:47:14","modified_gmt":"2015-03-23T09:47:14","slug":"handicraft-workshop","status":"publish","type":"page","link":"https:\/\/puisenina.ee\/en\/handicraft-workshop\/","title":{"rendered":"Handicraft workshop"},"content":{"rendered":"<p><span lang=\"en-GB\">Handicraft workshop is a place where Rannarahva Cultural Society grannies and young local handicraft lovers show their skills.<\/span><\/p>\n<p><span lang=\"en-GB\">Visitor can get an eyeful of the local handicraft \u2013 socks, scarves, mittens, hats, rugs, jewellery, etc.<br \/>\n<\/span><\/p>\n<p>With those wishing to learn the local grannies are ready to share\u00a0the olde-worlde ways of making things. Local handicraft is also on sale.<\/p>\n<p><span lang=\"en-GB\">The workshop can be rented for trainings or events with a smaller number of participants.<\/span><\/p>\n<p><span lang=\"en-GB\">Guests have in their disposal a cooking corner, a bread oven, toilets (2, 1 is for disabled visitors) and the workshop. The handicraft workshop holds 20 people.\u00a0<\/span><\/p>\n<style type=\"text\/css\">\n#foogallery-gallery-1264 .fg-image { width: 200px; }\n#foogallery-gallery-1264 { --fg-gutter: 10px; }<\/style>\n\t\t\t<div class=\"foogallery foogallery-container foogallery-default foogallery-lightbox-foobox fg-left fg-default fg-ready fg-light fg-shadow-small fg-shadow-inset-large fg-loading-default fg-loaded-fade-in fg-caption-hover fg-hover-fade fg-hover-zoom\" id=\"foogallery-gallery-1264\" data-foogallery=\"{&quot;item&quot;:{&quot;showCaptionTitle&quot;:true,&quot;showCaptionDescription&quot;:true},&quot;lazy&quot;:true}\" style=\"--fg-title-line-clamp: 0; --fg-description-line-clamp: 0;\" >\n\t<div class=\"fg-item fg-type-image fg-idle\"><figure class=\"fg-item-inner\"><a href=\"https:\/\/puisenina.ee\/wp-content\/uploads\/2015\/03\/kasitoo_2.jpg\" data-attachment-id=\"1986\" data-type=\"image\" class=\"fg-thumb\"><span class=\"fg-image-wrap\"><img decoding=\"async\" width=\"200\" height=\"150\" class=\"skip-lazy fg-image\" data-src-fg=\"https:\/\/puisenina.ee\/wp-content\/uploads\/cache\/2015\/03\/kasitoo_2\/538562080.jpg\" src=\"data:image\/svg+xml,%3Csvg%20xmlns%3D%22http%3A%2F%2Fwww.w3.org%2F2000%2Fsvg%22%20width%3D%22200%22%20height%3D%22150%22%20viewBox%3D%220%200%20200%20150%22%3E%3C%2Fsvg%3E\" loading=\"eager\"><\/span><span class=\"fg-image-overlay\"><\/span><\/a><\/figure><div class=\"fg-loader\"><\/div><\/div><div class=\"fg-item fg-type-image fg-idle\"><figure class=\"fg-item-inner\"><a href=\"https:\/\/puisenina.ee\/wp-content\/uploads\/2015\/03\/kasitoo.jpg\" data-attachment-id=\"1987\" data-type=\"image\" class=\"fg-thumb\"><span class=\"fg-image-wrap\"><img decoding=\"async\" width=\"200\" height=\"150\" class=\"skip-lazy fg-image\" data-src-fg=\"https:\/\/puisenina.ee\/wp-content\/uploads\/cache\/2015\/03\/kasitoo\/1901239319.jpg\" src=\"data:image\/svg+xml,%3Csvg%20xmlns%3D%22http%3A%2F%2Fwww.w3.org%2F2000%2Fsvg%22%20width%3D%22200%22%20height%3D%22150%22%20viewBox%3D%220%200%20200%20150%22%3E%3C%2Fsvg%3E\" loading=\"eager\"><\/span><span class=\"fg-image-overlay\"><\/span><\/a><\/figure><div class=\"fg-loader\"><\/div><\/div><div class=\"fg-item fg-type-image fg-idle\"><figure class=\"fg-item-inner\"><a href=\"https:\/\/puisenina.ee\/wp-content\/uploads\/2015\/03\/pildid-puise-029.jpg\" data-attachment-id=\"1988\" data-type=\"image\" class=\"fg-thumb\"><span class=\"fg-image-wrap\"><img decoding=\"async\" width=\"200\" height=\"150\" class=\"skip-lazy fg-image\" data-src-fg=\"https:\/\/puisenina.ee\/wp-content\/uploads\/cache\/2015\/03\/pildid-puise-029\/1882224444.jpg\" src=\"data:image\/svg+xml,%3Csvg%20xmlns%3D%22http%3A%2F%2Fwww.w3.org%2F2000%2Fsvg%22%20width%3D%22200%22%20height%3D%22150%22%20viewBox%3D%220%200%20200%20150%22%3E%3C%2Fsvg%3E\" loading=\"eager\"><\/span><span class=\"fg-image-overlay\"><\/span><\/a><\/figure><div class=\"fg-loader\"><\/div><\/div><\/div>\n\n","protected":false},"excerpt":{"rendered":"<p>Handicraft workshop is a place where Rannarahva Cultural Society grannies and young local handicraft lovers show their skills. Visitor can get an eyeful of the local handicraft \u2013 socks, scarves, mittens, hats, rugs, jewellery, etc. With those wishing to learn the local grannies are ready to share\u00a0the olde-worlde ways of making things. Local handicraft is  [&#8230;]<\/p>\n","protected":false},"author":4,"featured_media":0,"parent":0,"menu_order":6,"comment_status":"closed","ping_status":"closed","template":"","meta":{"footnotes":""},"class_list":["post-641","page","type-page","status-publish","hentry"],"yoast_head":"<!-- This site is optimized with the Yoast SEO plugin v27.3 - https:\/\/yoast.com\/product\/yoast-seo-wordpress\/ -->\n<title>Handicraft workshop - Puise Nina k\u00fclalistemaja<\/title>\n<meta name=\"robots\" content=\"index, follow, max-snippet:-1, max-image-preview:large, max-video-preview:-1\" \/>\n<link rel=\"canonical\" href=\"https:\/\/puisenina.ee\/en\/handicraft-workshop\/\" \/>\n<meta property=\"og:locale\" content=\"en_US\" \/>\n<meta property=\"og:type\" content=\"article\" \/>\n<meta property=\"og:title\" content=\"Handicraft workshop - Puise Nina k\u00fclalistemaja\" \/>\n<meta property=\"og:description\" content=\"Handicraft workshop is a place where Rannarahva Cultural Society grannies and young local handicraft lovers show their skills. Visitor can get an eyeful of the local handicraft \u2013 socks, scarves, mittens, hats, rugs, jewellery, etc. With those wishing to learn the local grannies are ready to share\u00a0the olde-worlde ways of making things. Local handicraft is [...]\" \/>\n<meta property=\"og:url\" content=\"https:\/\/puisenina.ee\/en\/handicraft-workshop\/\" \/>\n<meta property=\"og:site_name\" content=\"Puise Nina k\u00fclalistemaja\" \/>\n<meta property=\"article:modified_time\" content=\"2015-03-23T09:47:14+00:00\" \/>\n<script type=\"application\/ld+json\" class=\"yoast-schema-graph\">{\"@context\":\"https:\\\/\\\/schema.org\",\"@graph\":[{\"@type\":\"WebPage\",\"@id\":\"https:\\\/\\\/puisenina.ee\\\/en\\\/handicraft-workshop\\\/\",\"url\":\"https:\\\/\\\/puisenina.ee\\\/en\\\/handicraft-workshop\\\/\",\"name\":\"Handicraft workshop - Puise Nina k\u00fclalistemaja\",\"isPartOf\":{\"@id\":\"https:\\\/\\\/puisenina.ee\\\/#website\"},\"datePublished\":\"2013-07-16T20:06:21+00:00\",\"dateModified\":\"2015-03-23T09:47:14+00:00\",\"breadcrumb\":{\"@id\":\"https:\\\/\\\/puisenina.ee\\\/en\\\/handicraft-workshop\\\/#breadcrumb\"},\"inLanguage\":\"en-US\",\"potentialAction\":[{\"@type\":\"ReadAction\",\"target\":[\"https:\\\/\\\/puisenina.ee\\\/en\\\/handicraft-workshop\\\/\"]}]},{\"@type\":\"BreadcrumbList\",\"@id\":\"https:\\\/\\\/puisenina.ee\\\/en\\\/handicraft-workshop\\\/#breadcrumb\",\"itemListElement\":[{\"@type\":\"ListItem\",\"position\":1,\"name\":\"Home\",\"item\":\"https:\\\/\\\/puisenina.ee\\\/en\\\/\"},{\"@type\":\"ListItem\",\"position\":2,\"name\":\"Handicraft workshop\"}]},{\"@type\":\"WebSite\",\"@id\":\"https:\\\/\\\/puisenina.ee\\\/#website\",\"url\":\"https:\\\/\\\/puisenina.ee\\\/\",\"name\":\"Puise Nina k\u00fclalistemaja\",\"description\":\"Maal\u00e4hedane ja looduss\u00f5bralik puhkus\",\"potentialAction\":[{\"@type\":\"SearchAction\",\"target\":{\"@type\":\"EntryPoint\",\"urlTemplate\":\"https:\\\/\\\/puisenina.ee\\\/?s={search_term_string}\"},\"query-input\":{\"@type\":\"PropertyValueSpecification\",\"valueRequired\":true,\"valueName\":\"search_term_string\"}}],\"inLanguage\":\"en-US\"}]}<\/script>\n<!-- \/ Yoast SEO plugin. -->","yoast_head_json":{"title":"Handicraft workshop - Puise Nina k\u00fclalistemaja","robots":{"index":"index","follow":"follow","max-snippet":"max-snippet:-1","max-image-preview":"max-image-preview:large","max-video-preview":"max-video-preview:-1"},"canonical":"https:\/\/puisenina.ee\/en\/handicraft-workshop\/","og_locale":"en_US","og_type":"article","og_title":"Handicraft workshop - Puise Nina k\u00fclalistemaja","og_description":"Handicraft workshop is a place where Rannarahva Cultural Society grannies and young local handicraft lovers show their skills. Visitor can get an eyeful of the local handicraft \u2013 socks, scarves, mittens, hats, rugs, jewellery, etc. With those wishing to learn the local grannies are ready to share\u00a0the olde-worlde ways of making things. Local handicraft is [...]","og_url":"https:\/\/puisenina.ee\/en\/handicraft-workshop\/","og_site_name":"Puise Nina k\u00fclalistemaja","article_modified_time":"2015-03-23T09:47:14+00:00","schema":{"@context":"https:\/\/schema.org","@graph":[{"@type":"WebPage","@id":"https:\/\/puisenina.ee\/en\/handicraft-workshop\/","url":"https:\/\/puisenina.ee\/en\/handicraft-workshop\/","name":"Handicraft workshop - Puise Nina k\u00fclalistemaja","isPartOf":{"@id":"https:\/\/puisenina.ee\/#website"},"datePublished":"2013-07-16T20:06:21+00:00","dateModified":"2015-03-23T09:47:14+00:00","breadcrumb":{"@id":"https:\/\/puisenina.ee\/en\/handicraft-workshop\/#breadcrumb"},"inLanguage":"en-US","potentialAction":[{"@type":"ReadAction","target":["https:\/\/puisenina.ee\/en\/handicraft-workshop\/"]}]},{"@type":"BreadcrumbList","@id":"https:\/\/puisenina.ee\/en\/handicraft-workshop\/#breadcrumb","itemListElement":[{"@type":"ListItem","position":1,"name":"Home","item":"https:\/\/puisenina.ee\/en\/"},{"@type":"ListItem","position":2,"name":"Handicraft workshop"}]},{"@type":"WebSite","@id":"https:\/\/puisenina.ee\/#website","url":"https:\/\/puisenina.ee\/","name":"Puise Nina k\u00fclalistemaja","description":"Maal\u00e4hedane ja looduss\u00f5bralik puhkus","potentialAction":[{"@type":"SearchAction","target":{"@type":"EntryPoint","urlTemplate":"https:\/\/puisenina.ee\/?s={search_term_string}"},"query-input":{"@type":"PropertyValueSpecification","valueRequired":true,"valueName":"search_term_string"}}],"inLanguage":"en-US"}]}},"_links":{"self":[{"href":"https:\/\/puisenina.ee\/en\/wp-json\/wp\/v2\/pages\/641","targetHints":{"allow":["GET"]}}],"collection":[{"href":"https:\/\/puisenina.ee\/en\/wp-json\/wp\/v2\/pages"}],"about":[{"href":"https:\/\/puisenina.ee\/en\/wp-json\/wp\/v2\/types\/page"}],"author":[{"embeddable":true,"href":"https:\/\/puisenina.ee\/en\/wp-json\/wp\/v2\/users\/4"}],"replies":[{"embeddable":true,"href":"https:\/\/puisenina.ee\/en\/wp-json\/wp\/v2\/comments?post=641"}],"version-history":[{"count":0,"href":"https:\/\/puisenina.ee\/en\/wp-json\/wp\/v2\/pages\/641\/revisions"}],"wp:attachment":[{"href":"https:\/\/puisenina.ee\/en\/wp-json\/wp\/v2\/media?parent=641"}],"curies":[{"name":"wp","href":"https:\/\/api.w.org\/{rel}","templated":true}]}}