{"id":634,"date":"2013-07-16T21:52:47","date_gmt":"2013-07-16T19:52:47","guid":{"rendered":"http:\/\/www.nina.dev\/?page_id=634"},"modified":"2023-01-23T09:12:28","modified_gmt":"2023-01-23T07:12:28","slug":"birdwatching-tower","status":"publish","type":"page","link":"https:\/\/puisenina.ee\/en\/birdwatching-tower\/","title":{"rendered":"Bird-watching  tower"},"content":{"rendered":"<p>Bird-watching tower is suitable for nature lovers, family holiday, romantic evening, brainstorming sessions or spending otherwise good time together in a smaller campaign.<\/p>\n<p>On the ground floor of the tower there is a toilet, sauna with anteroom (including a cooking corner), shower. The tower ground floor can accommodate up to 6 people (there are no sleeping berths on the ground floor).<\/p>\n<p>On the first floor you can watch birds or simply relax and relish a view of beautiful nature and the sea. The first floor also has an opportunity for 3 people to lie down. You may stay in the tower for a longer time too.<\/p>\n<p>Sleeping berths in the bird-watching tower are available for 3 people.<\/p>\n<p>See <a href=\"http:\/\/puisenina.ee\/en\/prices\/\" target=\"_blank\" rel=\"noopener\">prices<\/a> for cost of the bird-watching tower rent.<\/p>\n<p>Breakfast is not included in the bird-watching tower rent.<\/p>\n<p>Food can be pre-ordered, see more in <a href=\"https:\/\/puisenina.ee\/en\/menu\/\" target=\"_blank\" rel=\"noopener\">Menu<\/a><\/p>\n<style type=\"text\/css\">\n#foogallery-gallery-1207 .fg-image { width: 245px; }\n#foogallery-gallery-1207 { --fg-gutter: 5px; }<\/style>\n\t\t\t<div class=\"foogallery foogallery-container foogallery-default foogallery-lightbox-foobox-free fg-left fg-default fg-ready fg-light fg-loading-default fg-loaded-fade-in fg-caption-hover fg-hover-fade fg-hover-zoom\" id=\"foogallery-gallery-1207\" data-foogallery=\"{&quot;item&quot;:{&quot;showCaptionTitle&quot;:true,&quot;showCaptionDescription&quot;:true},&quot;lazy&quot;:true}\" style=\"--fg-title-line-clamp: 0; --fg-description-line-clamp: 0;\" >\n\t<div class=\"fg-item fg-type-image fg-idle\"><figure class=\"fg-item-inner\"><a href=\"https:\/\/puisenina.ee\/wp-content\/uploads\/2015\/03\/Torn-II-korrus.jpg\" data-attachment-id=\"1932\" data-type=\"image\" class=\"fg-thumb\"><span class=\"fg-image-wrap\"><img decoding=\"async\" width=\"245\" height=\"175\" class=\"skip-lazy fg-image\" data-src-fg=\"https:\/\/puisenina.ee\/wp-content\/uploads\/cache\/2015\/03\/Torn-II-korrus\/2651928797.jpg\" src=\"data:image\/svg+xml,%3Csvg%20xmlns%3D%22http%3A%2F%2Fwww.w3.org%2F2000%2Fsvg%22%20width%3D%22245%22%20height%3D%22175%22%20viewBox%3D%220%200%20245%20175%22%3E%3C%2Fsvg%3E\" loading=\"eager\"><\/span><span class=\"fg-image-overlay\"><\/span><\/a><\/figure><div class=\"fg-loader\"><\/div><\/div><div class=\"fg-item fg-type-image fg-idle\"><figure class=\"fg-item-inner\"><a href=\"https:\/\/puisenina.ee\/wp-content\/uploads\/2015\/03\/torn-II-korrus-2.jpg\" data-attachment-id=\"1933\" data-type=\"image\" class=\"fg-thumb\"><span class=\"fg-image-wrap\"><img decoding=\"async\" width=\"245\" height=\"175\" class=\"skip-lazy fg-image\" data-src-fg=\"https:\/\/puisenina.ee\/wp-content\/uploads\/cache\/2015\/03\/torn-II-korrus-2\/1913659355.jpg\" src=\"data:image\/svg+xml,%3Csvg%20xmlns%3D%22http%3A%2F%2Fwww.w3.org%2F2000%2Fsvg%22%20width%3D%22245%22%20height%3D%22175%22%20viewBox%3D%220%200%20245%20175%22%3E%3C%2Fsvg%3E\" loading=\"eager\"><\/span><span class=\"fg-image-overlay\"><\/span><\/a><\/figure><div class=\"fg-loader\"><\/div><\/div><div class=\"fg-item fg-type-image fg-idle\"><figure class=\"fg-item-inner\"><a href=\"https:\/\/puisenina.ee\/wp-content\/uploads\/2015\/03\/Torn-I-korrus.jpg\" data-attachment-id=\"1934\" data-type=\"image\" class=\"fg-thumb\"><span class=\"fg-image-wrap\"><img decoding=\"async\" width=\"245\" height=\"175\" class=\"skip-lazy fg-image\" data-src-fg=\"https:\/\/puisenina.ee\/wp-content\/uploads\/cache\/2015\/03\/Torn-I-korrus\/2645776778.jpg\" src=\"data:image\/svg+xml,%3Csvg%20xmlns%3D%22http%3A%2F%2Fwww.w3.org%2F2000%2Fsvg%22%20width%3D%22245%22%20height%3D%22175%22%20viewBox%3D%220%200%20245%20175%22%3E%3C%2Fsvg%3E\" loading=\"eager\"><\/span><span class=\"fg-image-overlay\"><\/span><\/a><\/figure><div class=\"fg-loader\"><\/div><\/div><div class=\"fg-item fg-type-image fg-idle\"><figure class=\"fg-item-inner\"><a href=\"https:\/\/puisenina.ee\/wp-content\/uploads\/2015\/03\/Linnutorn-2.jpg\" data-attachment-id=\"1935\" data-type=\"image\" class=\"fg-thumb\"><span class=\"fg-image-wrap\"><img decoding=\"async\" width=\"245\" height=\"175\" class=\"skip-lazy fg-image\" data-src-fg=\"https:\/\/puisenina.ee\/wp-content\/uploads\/cache\/2015\/03\/Linnutorn-2\/518711645.jpg\" src=\"data:image\/svg+xml,%3Csvg%20xmlns%3D%22http%3A%2F%2Fwww.w3.org%2F2000%2Fsvg%22%20width%3D%22245%22%20height%3D%22175%22%20viewBox%3D%220%200%20245%20175%22%3E%3C%2Fsvg%3E\" loading=\"eager\"><\/span><span class=\"fg-image-overlay\"><\/span><\/a><\/figure><div class=\"fg-loader\"><\/div><\/div><div class=\"fg-item fg-type-image fg-idle\"><figure class=\"fg-item-inner\"><a href=\"https:\/\/puisenina.ee\/wp-content\/uploads\/2015\/03\/linnutorn.jpg\" data-attachment-id=\"1936\" data-type=\"image\" class=\"fg-thumb\"><span class=\"fg-image-wrap\"><img decoding=\"async\" width=\"245\" height=\"175\" class=\"skip-lazy fg-image\" data-src-fg=\"https:\/\/puisenina.ee\/wp-content\/uploads\/cache\/2015\/03\/linnutorn\/1614922146.jpg\" src=\"data:image\/svg+xml,%3Csvg%20xmlns%3D%22http%3A%2F%2Fwww.w3.org%2F2000%2Fsvg%22%20width%3D%22245%22%20height%3D%22175%22%20viewBox%3D%220%200%20245%20175%22%3E%3C%2Fsvg%3E\" loading=\"eager\"><\/span><span class=\"fg-image-overlay\"><\/span><\/a><\/figure><div class=\"fg-loader\"><\/div><\/div><div class=\"fg-item fg-type-image fg-idle\"><figure class=\"fg-item-inner\"><a href=\"https:\/\/puisenina.ee\/wp-content\/uploads\/2015\/03\/lenna-2-ja-3-kuu-033.jpg\" data-attachment-id=\"1937\" data-type=\"image\" class=\"fg-thumb\"><span class=\"fg-image-wrap\"><img decoding=\"async\" width=\"245\" height=\"175\" class=\"skip-lazy fg-image\" data-src-fg=\"https:\/\/puisenina.ee\/wp-content\/uploads\/cache\/2015\/03\/lenna-2-ja-3-kuu-033\/1702852337.jpg\" src=\"data:image\/svg+xml,%3Csvg%20xmlns%3D%22http%3A%2F%2Fwww.w3.org%2F2000%2Fsvg%22%20width%3D%22245%22%20height%3D%22175%22%20viewBox%3D%220%200%20245%20175%22%3E%3C%2Fsvg%3E\" loading=\"eager\"><\/span><span class=\"fg-image-overlay\"><\/span><\/a><\/figure><div class=\"fg-loader\"><\/div><\/div><div class=\"fg-item fg-type-image fg-idle\"><figure class=\"fg-item-inner\"><a href=\"https:\/\/puisenina.ee\/wp-content\/uploads\/2015\/03\/lambad.jpg\" data-attachment-id=\"1938\" data-type=\"image\" class=\"fg-thumb\"><span class=\"fg-image-wrap\"><img decoding=\"async\" width=\"245\" height=\"175\" class=\"skip-lazy fg-image\" data-src-fg=\"https:\/\/puisenina.ee\/wp-content\/uploads\/cache\/2015\/03\/lambad\/1469876722.jpg\" src=\"data:image\/svg+xml,%3Csvg%20xmlns%3D%22http%3A%2F%2Fwww.w3.org%2F2000%2Fsvg%22%20width%3D%22245%22%20height%3D%22175%22%20viewBox%3D%220%200%20245%20175%22%3E%3C%2Fsvg%3E\" loading=\"eager\"><\/span><span class=\"fg-image-overlay\"><\/span><\/a><\/figure><div class=\"fg-loader\"><\/div><\/div><div class=\"fg-item fg-type-image fg-idle\"><figure class=\"fg-item-inner\"><a href=\"https:\/\/puisenina.ee\/wp-content\/uploads\/2015\/03\/lenna-3-kuud-045.jpg\" data-attachment-id=\"1939\" data-type=\"image\" class=\"fg-thumb\"><span class=\"fg-image-wrap\"><img decoding=\"async\" width=\"245\" height=\"175\" class=\"skip-lazy fg-image\" data-src-fg=\"https:\/\/puisenina.ee\/wp-content\/uploads\/cache\/2015\/03\/lenna-3-kuud-045\/4197734664.jpg\" src=\"data:image\/svg+xml,%3Csvg%20xmlns%3D%22http%3A%2F%2Fwww.w3.org%2F2000%2Fsvg%22%20width%3D%22245%22%20height%3D%22175%22%20viewBox%3D%220%200%20245%20175%22%3E%3C%2Fsvg%3E\" loading=\"eager\"><\/span><span class=\"fg-image-overlay\"><\/span><\/a><\/figure><div class=\"fg-loader\"><\/div><\/div><div class=\"fg-item fg-type-image fg-idle\"><figure class=\"fg-item-inner\"><a href=\"https:\/\/puisenina.ee\/wp-content\/uploads\/2015\/03\/lenna-3-kuud-028.jpg\" data-attachment-id=\"1940\" data-type=\"image\" class=\"fg-thumb\"><span class=\"fg-image-wrap\"><img decoding=\"async\" width=\"245\" height=\"175\" class=\"skip-lazy fg-image\" data-src-fg=\"https:\/\/puisenina.ee\/wp-content\/uploads\/cache\/2015\/03\/lenna-3-kuud-028\/650650965.jpg\" src=\"data:image\/svg+xml,%3Csvg%20xmlns%3D%22http%3A%2F%2Fwww.w3.org%2F2000%2Fsvg%22%20width%3D%22245%22%20height%3D%22175%22%20viewBox%3D%220%200%20245%20175%22%3E%3C%2Fsvg%3E\" loading=\"eager\"><\/span><span class=\"fg-image-overlay\"><\/span><\/a><\/figure><div class=\"fg-loader\"><\/div><\/div><div class=\"fg-item fg-type-image fg-idle\"><figure class=\"fg-item-inner\"><a href=\"https:\/\/puisenina.ee\/wp-content\/uploads\/2015\/03\/tornist.jpg\" data-attachment-id=\"1941\" data-type=\"image\" class=\"fg-thumb\"><span class=\"fg-image-wrap\"><img decoding=\"async\" width=\"245\" height=\"175\" class=\"skip-lazy fg-image\" data-src-fg=\"https:\/\/puisenina.ee\/wp-content\/uploads\/cache\/2015\/03\/tornist\/416390344.jpg\" src=\"data:image\/svg+xml,%3Csvg%20xmlns%3D%22http%3A%2F%2Fwww.w3.org%2F2000%2Fsvg%22%20width%3D%22245%22%20height%3D%22175%22%20viewBox%3D%220%200%20245%20175%22%3E%3C%2Fsvg%3E\" loading=\"eager\"><\/span><span class=\"fg-image-overlay\"><\/span><\/a><\/figure><div class=\"fg-loader\"><\/div><\/div><div class=\"fg-item fg-type-image fg-idle\"><figure class=\"fg-item-inner\"><a href=\"https:\/\/puisenina.ee\/wp-content\/uploads\/2015\/03\/puise-tornist-3.jpg\" data-attachment-id=\"1942\" data-type=\"image\" class=\"fg-thumb\"><span class=\"fg-image-wrap\"><img decoding=\"async\" width=\"245\" height=\"175\" class=\"skip-lazy fg-image\" data-src-fg=\"https:\/\/puisenina.ee\/wp-content\/uploads\/cache\/2015\/03\/puise-tornist-3\/3477621890.jpg\" src=\"data:image\/svg+xml,%3Csvg%20xmlns%3D%22http%3A%2F%2Fwww.w3.org%2F2000%2Fsvg%22%20width%3D%22245%22%20height%3D%22175%22%20viewBox%3D%220%200%20245%20175%22%3E%3C%2Fsvg%3E\" loading=\"eager\"><\/span><span class=\"fg-image-overlay\"><\/span><\/a><\/figure><div class=\"fg-loader\"><\/div><\/div><div class=\"fg-item fg-type-image fg-idle\"><figure class=\"fg-item-inner\"><a href=\"https:\/\/puisenina.ee\/wp-content\/uploads\/2015\/03\/vaade-linnutornist.jpg\" data-attachment-id=\"1943\" data-type=\"image\" class=\"fg-thumb\"><span class=\"fg-image-wrap\"><img decoding=\"async\" width=\"245\" height=\"175\" class=\"skip-lazy fg-image\" data-src-fg=\"https:\/\/puisenina.ee\/wp-content\/uploads\/cache\/2015\/03\/vaade-linnutornist\/3372388539.jpg\" src=\"data:image\/svg+xml,%3Csvg%20xmlns%3D%22http%3A%2F%2Fwww.w3.org%2F2000%2Fsvg%22%20width%3D%22245%22%20height%3D%22175%22%20viewBox%3D%220%200%20245%20175%22%3E%3C%2Fsvg%3E\" loading=\"eager\"><\/span><span class=\"fg-image-overlay\"><\/span><\/a><\/figure><div class=\"fg-loader\"><\/div><\/div><div class=\"fg-item fg-type-image fg-idle\"><figure class=\"fg-item-inner\"><a href=\"https:\/\/puisenina.ee\/wp-content\/uploads\/2015\/03\/linnutorn_dussiruum.jpg\" data-attachment-id=\"1944\" data-type=\"image\" class=\"fg-thumb\"><span class=\"fg-image-wrap\"><img decoding=\"async\" width=\"245\" height=\"175\" class=\"skip-lazy fg-image\" data-src-fg=\"https:\/\/puisenina.ee\/wp-content\/uploads\/cache\/2015\/03\/linnutorn_dussiruum\/4006476240.jpg\" src=\"data:image\/svg+xml,%3Csvg%20xmlns%3D%22http%3A%2F%2Fwww.w3.org%2F2000%2Fsvg%22%20width%3D%22245%22%20height%3D%22175%22%20viewBox%3D%220%200%20245%20175%22%3E%3C%2Fsvg%3E\" loading=\"eager\"><\/span><span class=\"fg-image-overlay\"><\/span><\/a><\/figure><div class=\"fg-loader\"><\/div><\/div><div class=\"fg-item fg-type-image fg-idle\"><figure class=\"fg-item-inner\"><a href=\"https:\/\/puisenina.ee\/wp-content\/uploads\/2015\/03\/linnutorn_1.jpg\" data-attachment-id=\"1945\" data-type=\"image\" class=\"fg-thumb\"><span class=\"fg-image-wrap\"><img decoding=\"async\" width=\"245\" height=\"175\" class=\"skip-lazy fg-image\" data-src-fg=\"https:\/\/puisenina.ee\/wp-content\/uploads\/cache\/2015\/03\/linnutorn_1\/1596472934.jpg\" src=\"data:image\/svg+xml,%3Csvg%20xmlns%3D%22http%3A%2F%2Fwww.w3.org%2F2000%2Fsvg%22%20width%3D%22245%22%20height%3D%22175%22%20viewBox%3D%220%200%20245%20175%22%3E%3C%2Fsvg%3E\" loading=\"eager\"><\/span><span class=\"fg-image-overlay\"><\/span><\/a><\/figure><div class=\"fg-loader\"><\/div><\/div><div class=\"fg-item fg-type-image fg-idle\"><figure class=\"fg-item-inner\"><a href=\"https:\/\/puisenina.ee\/wp-content\/uploads\/2015\/03\/Hanna-ja-Danieli-pulmad-129.jpg\" data-attachment-id=\"2149\" data-type=\"image\" class=\"fg-thumb\"><span class=\"fg-image-wrap\"><img decoding=\"async\" width=\"245\" height=\"175\" class=\"skip-lazy fg-image\" data-src-fg=\"https:\/\/puisenina.ee\/wp-content\/uploads\/cache\/2015\/03\/Hanna-ja-Danieli-pulmad-129\/1958336182.jpg\" src=\"data:image\/svg+xml,%3Csvg%20xmlns%3D%22http%3A%2F%2Fwww.w3.org%2F2000%2Fsvg%22%20width%3D%22245%22%20height%3D%22175%22%20viewBox%3D%220%200%20245%20175%22%3E%3C%2Fsvg%3E\" loading=\"eager\"><\/span><span class=\"fg-image-overlay\"><\/span><\/a><\/figure><div class=\"fg-loader\"><\/div><\/div><div class=\"fg-item fg-type-image fg-idle\"><figure class=\"fg-item-inner\"><a href=\"https:\/\/puisenina.ee\/wp-content\/uploads\/2015\/03\/Faili-Hanna_Daniel_pulmafoto_Rosenvald_Photography_073.jpg-koopia.jpg\" data-attachment-id=\"2150\" data-type=\"image\" class=\"fg-thumb\"><span class=\"fg-image-wrap\"><img decoding=\"async\" width=\"245\" height=\"175\" class=\"skip-lazy fg-image\" data-src-fg=\"https:\/\/puisenina.ee\/wp-content\/uploads\/cache\/2015\/03\/Faili-Hanna_Daniel_pulmafoto_Rosenvald_Photography_073_jpg-koopia\/1538071397.jpg\" src=\"data:image\/svg+xml,%3Csvg%20xmlns%3D%22http%3A%2F%2Fwww.w3.org%2F2000%2Fsvg%22%20width%3D%22245%22%20height%3D%22175%22%20viewBox%3D%220%200%20245%20175%22%3E%3C%2Fsvg%3E\" loading=\"eager\"><\/span><span class=\"fg-image-overlay\"><\/span><\/a><\/figure><div class=\"fg-loader\"><\/div><\/div><div class=\"fg-item fg-type-image fg-idle\"><figure class=\"fg-item-inner\"><a href=\"https:\/\/puisenina.ee\/wp-content\/uploads\/2015\/03\/Hanna_Daniel_pulmafoto_Rosenvald_Photography_023.jpg\" data-attachment-id=\"2151\" data-type=\"image\" class=\"fg-thumb\"><span class=\"fg-image-wrap\"><img decoding=\"async\" width=\"245\" height=\"175\" class=\"skip-lazy fg-image\" data-src-fg=\"https:\/\/puisenina.ee\/wp-content\/uploads\/cache\/2015\/03\/Hanna_Daniel_pulmafoto_Rosenvald_Photography_023\/3913131999.jpg\" src=\"data:image\/svg+xml,%3Csvg%20xmlns%3D%22http%3A%2F%2Fwww.w3.org%2F2000%2Fsvg%22%20width%3D%22245%22%20height%3D%22175%22%20viewBox%3D%220%200%20245%20175%22%3E%3C%2Fsvg%3E\" loading=\"eager\"><\/span><span class=\"fg-image-overlay\"><\/span><\/a><\/figure><div class=\"fg-loader\"><\/div><\/div><\/div>\n<style type=\"text\/css\">#foogallery-gallery-1207 {\r\nmargin-bottom: 20px;\r\n }<\/style>\n<p>&nbsp;<\/p>\n","protected":false},"excerpt":{"rendered":"<p>Bird-watching tower is suitable for nature lovers, family holiday, romantic evening, brainstorming sessions or spending otherwise good time together in a smaller campaign. On the ground floor of the tower there is a toilet, sauna with anteroom (including a cooking corner), shower. The tower ground floor can accommodate up to 6 people (there are no  [&#8230;]<\/p>\n","protected":false},"author":4,"featured_media":0,"parent":0,"menu_order":2,"comment_status":"closed","ping_status":"closed","template":"","meta":{"footnotes":""},"class_list":["post-634","page","type-page","status-publish","hentry"],"yoast_head":"<!-- This site is optimized with the Yoast SEO plugin v27.3 - https:\/\/yoast.com\/product\/yoast-seo-wordpress\/ -->\n<title>Bridwatching in Matsalu National Park L\u00e4\u00e4nemaa Estonia.<\/title>\n<meta name=\"description\" content=\"Bird watching in Matsalu National Park L\u00e4\u00e4nemaa. Accommodation in Matsalu. Accommodation in L\u00e4\u00e4nemaa.\" \/>\n<meta name=\"robots\" content=\"index, follow, max-snippet:-1, max-image-preview:large, max-video-preview:-1\" \/>\n<link rel=\"canonical\" href=\"https:\/\/puisenina.ee\/en\/birdwatching-tower\/\" \/>\n<meta property=\"og:locale\" content=\"en_US\" \/>\n<meta property=\"og:type\" content=\"article\" \/>\n<meta property=\"og:title\" content=\"Bridwatching in Matsalu National Park L\u00e4\u00e4nemaa Estonia.\" \/>\n<meta property=\"og:description\" content=\"Bird watching in Matsalu National Park L\u00e4\u00e4nemaa. Accommodation in Matsalu. Accommodation in L\u00e4\u00e4nemaa.\" \/>\n<meta property=\"og:url\" content=\"https:\/\/puisenina.ee\/en\/birdwatching-tower\/\" \/>\n<meta property=\"og:site_name\" content=\"Puise Nina k\u00fclalistemaja\" \/>\n<meta property=\"article:modified_time\" content=\"2023-01-23T07:12:28+00:00\" \/>\n<meta name=\"twitter:label1\" content=\"Est. reading time\" \/>\n\t<meta name=\"twitter:data1\" content=\"1 minute\" \/>\n<script type=\"application\/ld+json\" class=\"yoast-schema-graph\">{\"@context\":\"https:\\\/\\\/schema.org\",\"@graph\":[{\"@type\":\"WebPage\",\"@id\":\"https:\\\/\\\/puisenina.ee\\\/en\\\/birdwatching-tower\\\/\",\"url\":\"https:\\\/\\\/puisenina.ee\\\/en\\\/birdwatching-tower\\\/\",\"name\":\"Bridwatching in Matsalu National Park L\u00e4\u00e4nemaa Estonia.\",\"isPartOf\":{\"@id\":\"https:\\\/\\\/puisenina.ee\\\/#website\"},\"datePublished\":\"2013-07-16T19:52:47+00:00\",\"dateModified\":\"2023-01-23T07:12:28+00:00\",\"description\":\"Bird watching in Matsalu National Park L\u00e4\u00e4nemaa. Accommodation in Matsalu. Accommodation in L\u00e4\u00e4nemaa.\",\"breadcrumb\":{\"@id\":\"https:\\\/\\\/puisenina.ee\\\/en\\\/birdwatching-tower\\\/#breadcrumb\"},\"inLanguage\":\"en-US\",\"potentialAction\":[{\"@type\":\"ReadAction\",\"target\":[\"https:\\\/\\\/puisenina.ee\\\/en\\\/birdwatching-tower\\\/\"]}]},{\"@type\":\"BreadcrumbList\",\"@id\":\"https:\\\/\\\/puisenina.ee\\\/en\\\/birdwatching-tower\\\/#breadcrumb\",\"itemListElement\":[{\"@type\":\"ListItem\",\"position\":1,\"name\":\"Home\",\"item\":\"https:\\\/\\\/puisenina.ee\\\/en\\\/\"},{\"@type\":\"ListItem\",\"position\":2,\"name\":\"Bird-watching tower\"}]},{\"@type\":\"WebSite\",\"@id\":\"https:\\\/\\\/puisenina.ee\\\/#website\",\"url\":\"https:\\\/\\\/puisenina.ee\\\/\",\"name\":\"Puise Nina k\u00fclalistemaja\",\"description\":\"Maal\u00e4hedane ja looduss\u00f5bralik puhkus\",\"potentialAction\":[{\"@type\":\"SearchAction\",\"target\":{\"@type\":\"EntryPoint\",\"urlTemplate\":\"https:\\\/\\\/puisenina.ee\\\/?s={search_term_string}\"},\"query-input\":{\"@type\":\"PropertyValueSpecification\",\"valueRequired\":true,\"valueName\":\"search_term_string\"}}],\"inLanguage\":\"en-US\"}]}<\/script>\n<!-- \/ Yoast SEO plugin. -->","yoast_head_json":{"title":"Bridwatching in Matsalu National Park L\u00e4\u00e4nemaa Estonia.","description":"Bird watching in Matsalu National Park L\u00e4\u00e4nemaa. Accommodation in Matsalu. Accommodation in L\u00e4\u00e4nemaa.","robots":{"index":"index","follow":"follow","max-snippet":"max-snippet:-1","max-image-preview":"max-image-preview:large","max-video-preview":"max-video-preview:-1"},"canonical":"https:\/\/puisenina.ee\/en\/birdwatching-tower\/","og_locale":"en_US","og_type":"article","og_title":"Bridwatching in Matsalu National Park L\u00e4\u00e4nemaa Estonia.","og_description":"Bird watching in Matsalu National Park L\u00e4\u00e4nemaa. Accommodation in Matsalu. Accommodation in L\u00e4\u00e4nemaa.","og_url":"https:\/\/puisenina.ee\/en\/birdwatching-tower\/","og_site_name":"Puise Nina k\u00fclalistemaja","article_modified_time":"2023-01-23T07:12:28+00:00","twitter_misc":{"Est. reading time":"1 minute"},"schema":{"@context":"https:\/\/schema.org","@graph":[{"@type":"WebPage","@id":"https:\/\/puisenina.ee\/en\/birdwatching-tower\/","url":"https:\/\/puisenina.ee\/en\/birdwatching-tower\/","name":"Bridwatching in Matsalu National Park L\u00e4\u00e4nemaa Estonia.","isPartOf":{"@id":"https:\/\/puisenina.ee\/#website"},"datePublished":"2013-07-16T19:52:47+00:00","dateModified":"2023-01-23T07:12:28+00:00","description":"Bird watching in Matsalu National Park L\u00e4\u00e4nemaa. Accommodation in Matsalu. Accommodation in L\u00e4\u00e4nemaa.","breadcrumb":{"@id":"https:\/\/puisenina.ee\/en\/birdwatching-tower\/#breadcrumb"},"inLanguage":"en-US","potentialAction":[{"@type":"ReadAction","target":["https:\/\/puisenina.ee\/en\/birdwatching-tower\/"]}]},{"@type":"BreadcrumbList","@id":"https:\/\/puisenina.ee\/en\/birdwatching-tower\/#breadcrumb","itemListElement":[{"@type":"ListItem","position":1,"name":"Home","item":"https:\/\/puisenina.ee\/en\/"},{"@type":"ListItem","position":2,"name":"Bird-watching tower"}]},{"@type":"WebSite","@id":"https:\/\/puisenina.ee\/#website","url":"https:\/\/puisenina.ee\/","name":"Puise Nina k\u00fclalistemaja","description":"Maal\u00e4hedane ja looduss\u00f5bralik puhkus","potentialAction":[{"@type":"SearchAction","target":{"@type":"EntryPoint","urlTemplate":"https:\/\/puisenina.ee\/?s={search_term_string}"},"query-input":{"@type":"PropertyValueSpecification","valueRequired":true,"valueName":"search_term_string"}}],"inLanguage":"en-US"}]}},"_links":{"self":[{"href":"https:\/\/puisenina.ee\/en\/wp-json\/wp\/v2\/pages\/634","targetHints":{"allow":["GET"]}}],"collection":[{"href":"https:\/\/puisenina.ee\/en\/wp-json\/wp\/v2\/pages"}],"about":[{"href":"https:\/\/puisenina.ee\/en\/wp-json\/wp\/v2\/types\/page"}],"author":[{"embeddable":true,"href":"https:\/\/puisenina.ee\/en\/wp-json\/wp\/v2\/users\/4"}],"replies":[{"embeddable":true,"href":"https:\/\/puisenina.ee\/en\/wp-json\/wp\/v2\/comments?post=634"}],"version-history":[{"count":4,"href":"https:\/\/puisenina.ee\/en\/wp-json\/wp\/v2\/pages\/634\/revisions"}],"predecessor-version":[{"id":2278,"href":"https:\/\/puisenina.ee\/en\/wp-json\/wp\/v2\/pages\/634\/revisions\/2278"}],"wp:attachment":[{"href":"https:\/\/puisenina.ee\/en\/wp-json\/wp\/v2\/media?parent=634"}],"curies":[{"name":"wp","href":"https:\/\/api.w.org\/{rel}","templated":true}]}}