{"id":632,"date":"2013-07-16T21:56:20","date_gmt":"2013-07-16T19:56:20","guid":{"rendered":"http:\/\/www.nina.dev\/?page_id=632"},"modified":"2018-01-29T10:52:04","modified_gmt":"2018-01-29T08:52:04","slug":"pub-kogre-korts","status":"publish","type":"page","link":"https:\/\/puisenina.ee\/en\/pub-kogre-korts\/","title":{"rendered":"Pub &#8220;Kogre K\u00f5rts&#8221;"},"content":{"rendered":"<p>We offer home-made food and cook using local products.<\/p>\n<p>Dinner is pre-order. We offer local fish, pork or chicken.<\/p>\n<p>For more information please contact leidrek@gmail.com<\/p>\n<p>&nbsp;<\/p>\n","protected":false},"excerpt":{"rendered":"<p>We offer home-made food and cook using local products. Dinner is pre-order. We offer local fish, pork or chicken. For more information please contact leidrek@gmail.com &nbsp;<\/p>\n","protected":false},"author":4,"featured_media":0,"parent":0,"menu_order":1,"comment_status":"closed","ping_status":"closed","template":"","meta":{"footnotes":""},"class_list":["post-632","page","type-page","status-publish","hentry"],"yoast_head":"<!-- This site is optimized with the Yoast SEO plugin v27.4 - https:\/\/yoast.com\/product\/yoast-seo-wordpress\/ -->\n<title>Pub &quot;Kogre K\u00f5rts&quot; - Puise Nina k\u00fclalistemaja<\/title>\n<meta name=\"robots\" content=\"index, follow, max-snippet:-1, max-image-preview:large, max-video-preview:-1\" \/>\n<link rel=\"canonical\" href=\"https:\/\/puisenina.ee\/en\/pub-kogre-korts\/\" \/>\n<meta property=\"og:locale\" content=\"en_US\" \/>\n<meta property=\"og:type\" content=\"article\" \/>\n<meta property=\"og:title\" content=\"Pub &quot;Kogre K\u00f5rts&quot; - Puise Nina k\u00fclalistemaja\" \/>\n<meta property=\"og:description\" content=\"We offer home-made food and cook using local products. Dinner is pre-order. We offer local fish, pork or chicken. For more information please contact leidrek@gmail.com &nbsp;\" \/>\n<meta property=\"og:url\" content=\"https:\/\/puisenina.ee\/en\/pub-kogre-korts\/\" \/>\n<meta property=\"og:site_name\" content=\"Puise Nina k\u00fclalistemaja\" \/>\n<meta property=\"article:modified_time\" content=\"2018-01-29T08:52:04+00:00\" \/>\n<script type=\"application\/ld+json\" class=\"yoast-schema-graph\">{\"@context\":\"https:\\\/\\\/schema.org\",\"@graph\":[{\"@type\":\"WebPage\",\"@id\":\"https:\\\/\\\/puisenina.ee\\\/en\\\/pub-kogre-korts\\\/\",\"url\":\"https:\\\/\\\/puisenina.ee\\\/en\\\/pub-kogre-korts\\\/\",\"name\":\"Pub \\\"Kogre K\u00f5rts\\\" - Puise Nina k\u00fclalistemaja\",\"isPartOf\":{\"@id\":\"https:\\\/\\\/puisenina.ee\\\/#website\"},\"datePublished\":\"2013-07-16T19:56:20+00:00\",\"dateModified\":\"2018-01-29T08:52:04+00:00\",\"breadcrumb\":{\"@id\":\"https:\\\/\\\/puisenina.ee\\\/en\\\/pub-kogre-korts\\\/#breadcrumb\"},\"inLanguage\":\"en-US\",\"potentialAction\":[{\"@type\":\"ReadAction\",\"target\":[\"https:\\\/\\\/puisenina.ee\\\/en\\\/pub-kogre-korts\\\/\"]}]},{\"@type\":\"BreadcrumbList\",\"@id\":\"https:\\\/\\\/puisenina.ee\\\/en\\\/pub-kogre-korts\\\/#breadcrumb\",\"itemListElement\":[{\"@type\":\"ListItem\",\"position\":1,\"name\":\"Home\",\"item\":\"https:\\\/\\\/puisenina.ee\\\/en\\\/\"},{\"@type\":\"ListItem\",\"position\":2,\"name\":\"Pub &#8220;Kogre K\u00f5rts&#8221;\"}]},{\"@type\":\"WebSite\",\"@id\":\"https:\\\/\\\/puisenina.ee\\\/#website\",\"url\":\"https:\\\/\\\/puisenina.ee\\\/\",\"name\":\"Puise Nina k\u00fclalistemaja\",\"description\":\"Maal\u00e4hedane ja looduss\u00f5bralik puhkus\",\"potentialAction\":[{\"@type\":\"SearchAction\",\"target\":{\"@type\":\"EntryPoint\",\"urlTemplate\":\"https:\\\/\\\/puisenina.ee\\\/?s={search_term_string}\"},\"query-input\":{\"@type\":\"PropertyValueSpecification\",\"valueRequired\":true,\"valueName\":\"search_term_string\"}}],\"inLanguage\":\"en-US\"}]}<\/script>\n<!-- \/ Yoast SEO plugin. -->","yoast_head_json":{"title":"Pub \"Kogre K\u00f5rts\" - Puise Nina k\u00fclalistemaja","robots":{"index":"index","follow":"follow","max-snippet":"max-snippet:-1","max-image-preview":"max-image-preview:large","max-video-preview":"max-video-preview:-1"},"canonical":"https:\/\/puisenina.ee\/en\/pub-kogre-korts\/","og_locale":"en_US","og_type":"article","og_title":"Pub \"Kogre K\u00f5rts\" - Puise Nina k\u00fclalistemaja","og_description":"We offer home-made food and cook using local products. Dinner is pre-order. We offer local fish, pork or chicken. For more information please contact leidrek@gmail.com &nbsp;","og_url":"https:\/\/puisenina.ee\/en\/pub-kogre-korts\/","og_site_name":"Puise Nina k\u00fclalistemaja","article_modified_time":"2018-01-29T08:52:04+00:00","schema":{"@context":"https:\/\/schema.org","@graph":[{"@type":"WebPage","@id":"https:\/\/puisenina.ee\/en\/pub-kogre-korts\/","url":"https:\/\/puisenina.ee\/en\/pub-kogre-korts\/","name":"Pub \"Kogre K\u00f5rts\" - Puise Nina k\u00fclalistemaja","isPartOf":{"@id":"https:\/\/puisenina.ee\/#website"},"datePublished":"2013-07-16T19:56:20+00:00","dateModified":"2018-01-29T08:52:04+00:00","breadcrumb":{"@id":"https:\/\/puisenina.ee\/en\/pub-kogre-korts\/#breadcrumb"},"inLanguage":"en-US","potentialAction":[{"@type":"ReadAction","target":["https:\/\/puisenina.ee\/en\/pub-kogre-korts\/"]}]},{"@type":"BreadcrumbList","@id":"https:\/\/puisenina.ee\/en\/pub-kogre-korts\/#breadcrumb","itemListElement":[{"@type":"ListItem","position":1,"name":"Home","item":"https:\/\/puisenina.ee\/en\/"},{"@type":"ListItem","position":2,"name":"Pub &#8220;Kogre K\u00f5rts&#8221;"}]},{"@type":"WebSite","@id":"https:\/\/puisenina.ee\/#website","url":"https:\/\/puisenina.ee\/","name":"Puise Nina k\u00fclalistemaja","description":"Maal\u00e4hedane ja looduss\u00f5bralik puhkus","potentialAction":[{"@type":"SearchAction","target":{"@type":"EntryPoint","urlTemplate":"https:\/\/puisenina.ee\/?s={search_term_string}"},"query-input":{"@type":"PropertyValueSpecification","valueRequired":true,"valueName":"search_term_string"}}],"inLanguage":"en-US"}]}},"_links":{"self":[{"href":"https:\/\/puisenina.ee\/en\/wp-json\/wp\/v2\/pages\/632","targetHints":{"allow":["GET"]}}],"collection":[{"href":"https:\/\/puisenina.ee\/en\/wp-json\/wp\/v2\/pages"}],"about":[{"href":"https:\/\/puisenina.ee\/en\/wp-json\/wp\/v2\/types\/page"}],"author":[{"embeddable":true,"href":"https:\/\/puisenina.ee\/en\/wp-json\/wp\/v2\/users\/4"}],"replies":[{"embeddable":true,"href":"https:\/\/puisenina.ee\/en\/wp-json\/wp\/v2\/comments?post=632"}],"version-history":[{"count":1,"href":"https:\/\/puisenina.ee\/en\/wp-json\/wp\/v2\/pages\/632\/revisions"}],"predecessor-version":[{"id":1825,"href":"https:\/\/puisenina.ee\/en\/wp-json\/wp\/v2\/pages\/632\/revisions\/1825"}],"wp:attachment":[{"href":"https:\/\/puisenina.ee\/en\/wp-json\/wp\/v2\/media?parent=632"}],"curies":[{"name":"wp","href":"https:\/\/api.w.org\/{rel}","templated":true}]}}