{"id":628,"date":"2013-07-11T11:03:15","date_gmt":"2013-07-11T09:03:15","guid":{"rendered":"http:\/\/www.nina.dev\/?page_id=628"},"modified":"2018-03-20T10:19:18","modified_gmt":"2018-03-20T08:19:18","slug":"boat-trip-and-the-fishermans-dinner","status":"publish","type":"page","link":"https:\/\/puisenina.ee\/en\/boat-trip-and-the-fishermans-dinner\/","title":{"rendered":"Boat trip and the &#8221; Fisherman\u00b4s Dinner&#8221;"},"content":{"rendered":"<p>Spend one day al fresco onshore!<\/p>\n<p>Sea trip on a boat under oars and after a boat trip a crisp <a href=\"https:\/\/puisenina.ee\/en\/menu\/\" target=\"_blank\" rel=\"noopener noreferrer\">&#8221; Fisherman\u00b4s Dinner &#8220;<\/a> in a fisherman\u00b4s pub &#8221; Kogre K\u00f5rts&#8221;.<\/p>\n<p>The boat can take up to 10 people on board.<\/p>\n<h3>Package \u201eTogether with nature\u201c<\/h3>\n<ul>\n<li>T<span lang=\"en-GB\">ourist trail from Puise to Kiideva or from Kiideva to Puise (3.4 km, walk time ~ 2 hours)<\/span><\/li>\n<\/ul>\n<ul>\n<li><span lang=\"en-GB\">Boat trip from Kiideva to Puise or from Puise to Kiideva (~2 hours)<\/span><\/li>\n<\/ul>\n<ul>\n<li>&#8220;Firherman\u2019s Dinner&#8221; in the pub \u201eKogre K\u00f5rts\u201c\u00a0 Smoked fish salad on white bread; Fish soup from seven fish with warm Sour milk karask, bread-and-butter (garlic butter, bread, white bread); Farm cake, coffee, tea,water<\/li>\n<\/ul>\n<h4 lang=\"en-GB\">More details about the tourist trail<\/h4>\n<p><span lang=\"en-GB\">The trail is located on the north coast of Matsalu bay and follows the old horse track which used to connect Kiideva and Puise villages.<\/span><\/p>\n<p><span lang=\"en-GB\">The main section of the trail is 2.6 km long, it goes from Kalak\u00fcla starting point through a grove and renewed wood-meadow \u2013 to the L\u00f5pre oak which is the biggest perennial tree in the neighbourhood.<\/span><\/p>\n<p><span lang=\"en-GB\">Near the oak trees one can find growing porchini (edible boletus) and stink morchel \u2013 a mushroom of unusual look, the forest itself is filled with the sounds of tawny owl\u2019s whooping and loud singing of blackbird.<\/span><\/p>\n<style type=\"text\/css\">\n#foogallery-gallery-1261 .fg-image { width: 200px; }\n#foogallery-gallery-1261 { --fg-gutter: 10px; }<\/style>\n\t\t\t<div class=\"foogallery foogallery-container foogallery-default foogallery-lightbox-foobox-free fg-left fg-default fg-ready fg-light fg-shadow-small fg-shadow-inset-large fg-loading-default fg-loaded-fade-in fg-hover-fade fg-hover-eye\" id=\"foogallery-gallery-1261\" data-foogallery=\"{&quot;item&quot;:{&quot;showCaptionTitle&quot;:false,&quot;showCaptionDescription&quot;:false},&quot;lazy&quot;:true}\" style=\"--fg-title-line-clamp: 0; --fg-description-line-clamp: 0;\" >\n\t<div class=\"fg-item fg-type-image fg-idle\"><figure class=\"fg-item-inner\"><a href=\"https:\/\/puisenina.ee\/wp-content\/uploads\/2015\/03\/img_0433.jpg\" data-attachment-id=\"1983\" data-type=\"image\" class=\"fg-thumb\"><span class=\"fg-image-wrap\"><img decoding=\"async\" width=\"200\" height=\"150\" class=\"skip-lazy fg-image\" data-src-fg=\"https:\/\/puisenina.ee\/wp-content\/uploads\/cache\/2015\/03\/img_0433\/4009278626.jpg\" src=\"data:image\/svg+xml,%3Csvg%20xmlns%3D%22http%3A%2F%2Fwww.w3.org%2F2000%2Fsvg%22%20width%3D%22200%22%20height%3D%22150%22%20viewBox%3D%220%200%20200%20150%22%3E%3C%2Fsvg%3E\" loading=\"eager\"><\/span><span class=\"fg-image-overlay\"><\/span><\/a><\/figure><div class=\"fg-loader\"><\/div><\/div><div class=\"fg-item fg-type-image fg-idle\"><figure class=\"fg-item-inner\"><a href=\"https:\/\/puisenina.ee\/wp-content\/uploads\/2015\/03\/dsc_0109.jpg\" data-attachment-id=\"1984\" data-type=\"image\" class=\"fg-thumb\"><span class=\"fg-image-wrap\"><img decoding=\"async\" width=\"200\" height=\"150\" class=\"skip-lazy fg-image\" data-src-fg=\"https:\/\/puisenina.ee\/wp-content\/uploads\/cache\/2015\/03\/dsc_0109\/1410782198.jpg\" src=\"data:image\/svg+xml,%3Csvg%20xmlns%3D%22http%3A%2F%2Fwww.w3.org%2F2000%2Fsvg%22%20width%3D%22200%22%20height%3D%22150%22%20viewBox%3D%220%200%20200%20150%22%3E%3C%2Fsvg%3E\" loading=\"eager\"><\/span><span class=\"fg-image-overlay\"><\/span><\/a><\/figure><div class=\"fg-loader\"><\/div><\/div><div class=\"fg-item fg-type-image fg-idle\"><figure class=\"fg-item-inner\"><a href=\"https:\/\/puisenina.ee\/wp-content\/uploads\/2016\/06\/AS_356_Silver_Raidla.jpg\" data-attachment-id=\"2068\" data-type=\"image\" class=\"fg-thumb\"><span class=\"fg-image-wrap\"><img decoding=\"async\" width=\"200\" height=\"150\" class=\"skip-lazy fg-image\" data-src-fg=\"https:\/\/puisenina.ee\/wp-content\/uploads\/cache\/2016\/06\/AS_356_Silver_Raidla\/2304689033.jpg\" src=\"data:image\/svg+xml,%3Csvg%20xmlns%3D%22http%3A%2F%2Fwww.w3.org%2F2000%2Fsvg%22%20width%3D%22200%22%20height%3D%22150%22%20viewBox%3D%220%200%20200%20150%22%3E%3C%2Fsvg%3E\" loading=\"eager\"><\/span><span class=\"fg-image-overlay\"><\/span><\/a><\/figure><div class=\"fg-loader\"><\/div><\/div><div class=\"fg-item fg-type-image fg-idle\"><figure class=\"fg-item-inner\"><a href=\"https:\/\/puisenina.ee\/wp-content\/uploads\/2016\/06\/AS_369.jpg\" data-attachment-id=\"2071\" data-type=\"image\" class=\"fg-thumb\"><span class=\"fg-image-wrap\"><img decoding=\"async\" width=\"200\" height=\"150\" class=\"skip-lazy fg-image\" data-src-fg=\"https:\/\/puisenina.ee\/wp-content\/uploads\/cache\/2016\/06\/AS_369\/3749985630.jpg\" src=\"data:image\/svg+xml,%3Csvg%20xmlns%3D%22http%3A%2F%2Fwww.w3.org%2F2000%2Fsvg%22%20width%3D%22200%22%20height%3D%22150%22%20viewBox%3D%220%200%20200%20150%22%3E%3C%2Fsvg%3E\" loading=\"eager\"><\/span><span class=\"fg-image-overlay\"><\/span><\/a><\/figure><div class=\"fg-loader\"><\/div><\/div><\/div>\n\n<p>&nbsp;<\/p>\n","protected":false},"excerpt":{"rendered":"<p>Spend one day al fresco onshore! Sea trip on a boat under oars and after a boat trip a crisp &#8221; Fisherman\u00b4s Dinner &#8220; in a fisherman\u00b4s pub &#8221; Kogre K\u00f5rts&#8221;. The boat can take up to 10 people on board. Package \u201eTogether with nature\u201c Tourist trail from Puise to Kiideva or from Kiideva to  [&#8230;]<\/p>\n","protected":false},"author":4,"featured_media":0,"parent":0,"menu_order":0,"comment_status":"closed","ping_status":"closed","template":"","meta":{"footnotes":""},"class_list":["post-628","page","type-page","status-publish","hentry"],"yoast_head":"<!-- This site is optimized with the Yoast SEO plugin v27.3 - https:\/\/yoast.com\/product\/yoast-seo-wordpress\/ -->\n<title>Boat trip and the &quot; Fisherman\u00b4s Dinner&quot; - Puise Nina k\u00fclalistemaja<\/title>\n<meta name=\"robots\" content=\"index, follow, max-snippet:-1, max-image-preview:large, max-video-preview:-1\" \/>\n<link rel=\"canonical\" href=\"https:\/\/puisenina.ee\/en\/boat-trip-and-the-fishermans-dinner\/\" \/>\n<meta property=\"og:locale\" content=\"en_US\" \/>\n<meta property=\"og:type\" content=\"article\" \/>\n<meta property=\"og:title\" content=\"Boat trip and the &quot; Fisherman\u00b4s Dinner&quot; - Puise Nina k\u00fclalistemaja\" \/>\n<meta property=\"og:description\" content=\"Spend one day al fresco onshore! Sea trip on a boat under oars and after a boat trip a crisp &#8221; Fisherman\u00b4s Dinner &#8220; in a fisherman\u00b4s pub &#8221; Kogre K\u00f5rts&#8221;. The boat can take up to 10 people on board. Package \u201eTogether with nature\u201c Tourist trail from Puise to Kiideva or from Kiideva to [...]\" \/>\n<meta property=\"og:url\" content=\"https:\/\/puisenina.ee\/en\/boat-trip-and-the-fishermans-dinner\/\" \/>\n<meta property=\"og:site_name\" content=\"Puise Nina k\u00fclalistemaja\" \/>\n<meta property=\"article:modified_time\" content=\"2018-03-20T08:19:18+00:00\" \/>\n<meta name=\"twitter:label1\" content=\"Est. reading time\" \/>\n\t<meta name=\"twitter:data1\" content=\"1 minute\" \/>\n<script type=\"application\/ld+json\" class=\"yoast-schema-graph\">{\"@context\":\"https:\\\/\\\/schema.org\",\"@graph\":[{\"@type\":\"WebPage\",\"@id\":\"https:\\\/\\\/puisenina.ee\\\/en\\\/boat-trip-and-the-fishermans-dinner\\\/\",\"url\":\"https:\\\/\\\/puisenina.ee\\\/en\\\/boat-trip-and-the-fishermans-dinner\\\/\",\"name\":\"Boat trip and the \\\" Fisherman\u00b4s Dinner\\\" - Puise Nina k\u00fclalistemaja\",\"isPartOf\":{\"@id\":\"https:\\\/\\\/puisenina.ee\\\/#website\"},\"datePublished\":\"2013-07-11T09:03:15+00:00\",\"dateModified\":\"2018-03-20T08:19:18+00:00\",\"breadcrumb\":{\"@id\":\"https:\\\/\\\/puisenina.ee\\\/en\\\/boat-trip-and-the-fishermans-dinner\\\/#breadcrumb\"},\"inLanguage\":\"en-US\",\"potentialAction\":[{\"@type\":\"ReadAction\",\"target\":[\"https:\\\/\\\/puisenina.ee\\\/en\\\/boat-trip-and-the-fishermans-dinner\\\/\"]}]},{\"@type\":\"BreadcrumbList\",\"@id\":\"https:\\\/\\\/puisenina.ee\\\/en\\\/boat-trip-and-the-fishermans-dinner\\\/#breadcrumb\",\"itemListElement\":[{\"@type\":\"ListItem\",\"position\":1,\"name\":\"Home\",\"item\":\"https:\\\/\\\/puisenina.ee\\\/en\\\/\"},{\"@type\":\"ListItem\",\"position\":2,\"name\":\"Boat trip and the &#8221; Fisherman\u00b4s Dinner&#8221;\"}]},{\"@type\":\"WebSite\",\"@id\":\"https:\\\/\\\/puisenina.ee\\\/#website\",\"url\":\"https:\\\/\\\/puisenina.ee\\\/\",\"name\":\"Puise Nina k\u00fclalistemaja\",\"description\":\"Maal\u00e4hedane ja looduss\u00f5bralik puhkus\",\"potentialAction\":[{\"@type\":\"SearchAction\",\"target\":{\"@type\":\"EntryPoint\",\"urlTemplate\":\"https:\\\/\\\/puisenina.ee\\\/?s={search_term_string}\"},\"query-input\":{\"@type\":\"PropertyValueSpecification\",\"valueRequired\":true,\"valueName\":\"search_term_string\"}}],\"inLanguage\":\"en-US\"}]}<\/script>\n<!-- \/ Yoast SEO plugin. -->","yoast_head_json":{"title":"Boat trip and the \" Fisherman\u00b4s Dinner\" - Puise Nina k\u00fclalistemaja","robots":{"index":"index","follow":"follow","max-snippet":"max-snippet:-1","max-image-preview":"max-image-preview:large","max-video-preview":"max-video-preview:-1"},"canonical":"https:\/\/puisenina.ee\/en\/boat-trip-and-the-fishermans-dinner\/","og_locale":"en_US","og_type":"article","og_title":"Boat trip and the \" Fisherman\u00b4s Dinner\" - Puise Nina k\u00fclalistemaja","og_description":"Spend one day al fresco onshore! Sea trip on a boat under oars and after a boat trip a crisp &#8221; Fisherman\u00b4s Dinner &#8220; in a fisherman\u00b4s pub &#8221; Kogre K\u00f5rts&#8221;. The boat can take up to 10 people on board. Package \u201eTogether with nature\u201c Tourist trail from Puise to Kiideva or from Kiideva to [...]","og_url":"https:\/\/puisenina.ee\/en\/boat-trip-and-the-fishermans-dinner\/","og_site_name":"Puise Nina k\u00fclalistemaja","article_modified_time":"2018-03-20T08:19:18+00:00","twitter_misc":{"Est. reading time":"1 minute"},"schema":{"@context":"https:\/\/schema.org","@graph":[{"@type":"WebPage","@id":"https:\/\/puisenina.ee\/en\/boat-trip-and-the-fishermans-dinner\/","url":"https:\/\/puisenina.ee\/en\/boat-trip-and-the-fishermans-dinner\/","name":"Boat trip and the \" Fisherman\u00b4s Dinner\" - Puise Nina k\u00fclalistemaja","isPartOf":{"@id":"https:\/\/puisenina.ee\/#website"},"datePublished":"2013-07-11T09:03:15+00:00","dateModified":"2018-03-20T08:19:18+00:00","breadcrumb":{"@id":"https:\/\/puisenina.ee\/en\/boat-trip-and-the-fishermans-dinner\/#breadcrumb"},"inLanguage":"en-US","potentialAction":[{"@type":"ReadAction","target":["https:\/\/puisenina.ee\/en\/boat-trip-and-the-fishermans-dinner\/"]}]},{"@type":"BreadcrumbList","@id":"https:\/\/puisenina.ee\/en\/boat-trip-and-the-fishermans-dinner\/#breadcrumb","itemListElement":[{"@type":"ListItem","position":1,"name":"Home","item":"https:\/\/puisenina.ee\/en\/"},{"@type":"ListItem","position":2,"name":"Boat trip and the &#8221; Fisherman\u00b4s Dinner&#8221;"}]},{"@type":"WebSite","@id":"https:\/\/puisenina.ee\/#website","url":"https:\/\/puisenina.ee\/","name":"Puise Nina k\u00fclalistemaja","description":"Maal\u00e4hedane ja looduss\u00f5bralik puhkus","potentialAction":[{"@type":"SearchAction","target":{"@type":"EntryPoint","urlTemplate":"https:\/\/puisenina.ee\/?s={search_term_string}"},"query-input":{"@type":"PropertyValueSpecification","valueRequired":true,"valueName":"search_term_string"}}],"inLanguage":"en-US"}]}},"_links":{"self":[{"href":"https:\/\/puisenina.ee\/en\/wp-json\/wp\/v2\/pages\/628","targetHints":{"allow":["GET"]}}],"collection":[{"href":"https:\/\/puisenina.ee\/en\/wp-json\/wp\/v2\/pages"}],"about":[{"href":"https:\/\/puisenina.ee\/en\/wp-json\/wp\/v2\/types\/page"}],"author":[{"embeddable":true,"href":"https:\/\/puisenina.ee\/en\/wp-json\/wp\/v2\/users\/4"}],"replies":[{"embeddable":true,"href":"https:\/\/puisenina.ee\/en\/wp-json\/wp\/v2\/comments?post=628"}],"version-history":[{"count":3,"href":"https:\/\/puisenina.ee\/en\/wp-json\/wp\/v2\/pages\/628\/revisions"}],"predecessor-version":[{"id":1839,"href":"https:\/\/puisenina.ee\/en\/wp-json\/wp\/v2\/pages\/628\/revisions\/1839"}],"wp:attachment":[{"href":"https:\/\/puisenina.ee\/en\/wp-json\/wp\/v2\/media?parent=628"}],"curies":[{"name":"wp","href":"https:\/\/api.w.org\/{rel}","templated":true}]}}