{"id":623,"date":"2013-07-11T11:01:29","date_gmt":"2013-07-11T09:01:29","guid":{"rendered":"http:\/\/www.nina.dev\/?page_id=623"},"modified":"2026-01-25T19:38:19","modified_gmt":"2026-01-25T17:38:19","slug":"accommodation-birdwatching","status":"publish","type":"page","link":"https:\/\/puisenina.ee\/en\/accommodation-birdwatching\/","title":{"rendered":"Accommodation"},"content":{"rendered":"<p>Book here:<\/p>\n<p><script src=\"http:\/\/www.booking.com\/general.html?tmpl=bookit;aid=330843;lang=et;hotel_id=1076886;cc1=ee;hotel_page=puise-nina-guest-house\"><\/script><\/p>\n<p>We have six twin\u00a0rooms and one double room. Each room has two separate beds and a convertible couch that can be used as an extra bed.<\/p>\n<p>One room have a double bed \u00a0a convertible coutch and armchair \u00a0that can be used as an extra bed.<\/p>\n<p>Each room includes a toilet , a shower and TV.<\/p>\n<p>There are also sleeping places in the\u00a0 <a href=\"https:\/\/puisenina.ee\/en\/birdwatching-tower\/\" target=\"_blank\" rel=\"noopener\">birdwatching tower.<\/a><\/p>\n<p>See prices <a href=\"http:\/\/puisenina.ee\/en\/prices\/\" target=\"_blank\" rel=\"noopener\">here<\/a><\/p>\n<style type=\"text\/css\">\n#foogallery-gallery-1333 .fg-image { width: 245px; }\n#foogallery-gallery-1333 { --fg-gutter: 5px; }<\/style>\n\t\t\t<div class=\"foogallery foogallery-container foogallery-default foogallery-lightbox-foobox fg-left fg-default fg-ready fg-light fg-loading-default fg-loaded-fade-in fg-hover-fade fg-hover-eye\" id=\"foogallery-gallery-1333\" data-foogallery=\"{&quot;item&quot;:{&quot;showCaptionTitle&quot;:true,&quot;showCaptionDescription&quot;:false},&quot;lazy&quot;:true}\" style=\"--fg-title-line-clamp: 0; --fg-description-line-clamp: 0;\" >\n\t<div class=\"fg-item fg-type-image fg-idle\"><figure class=\"fg-item-inner\"><a href=\"https:\/\/puisenina.ee\/wp-content\/uploads\/2015\/03\/vaade-maja-eest1.jpg\" data-caption-desc=\"vaade maja eest\" data-attachment-id=\"2051\" data-type=\"image\" class=\"fg-thumb\"><span class=\"fg-image-wrap\"><img decoding=\"async\" width=\"245\" height=\"175\" class=\"skip-lazy fg-image\" data-src-fg=\"https:\/\/puisenina.ee\/wp-content\/uploads\/cache\/2015\/03\/vaade-maja-eest1\/917127277.jpg\" src=\"data:image\/svg+xml,%3Csvg%20xmlns%3D%22http%3A%2F%2Fwww.w3.org%2F2000%2Fsvg%22%20width%3D%22245%22%20height%3D%22175%22%20viewBox%3D%220%200%20245%20175%22%3E%3C%2Fsvg%3E\" loading=\"eager\"><\/span><span class=\"fg-image-overlay\"><\/span><\/a><\/figure><div class=\"fg-loader\"><\/div><\/div><div class=\"fg-item fg-type-image fg-idle\"><figure class=\"fg-item-inner\"><a href=\"https:\/\/puisenina.ee\/wp-content\/uploads\/2015\/03\/Tuba-7_du\u0161iruum.jpg\" data-attachment-id=\"2052\" data-type=\"image\" class=\"fg-thumb\"><span class=\"fg-image-wrap\"><img decoding=\"async\" width=\"245\" height=\"175\" class=\"skip-lazy fg-image\" data-src-fg=\"https:\/\/puisenina.ee\/wp-content\/uploads\/cache\/2015\/03\/Tuba-7_du\u0161iruum\/15940506.jpg\" src=\"data:image\/svg+xml,%3Csvg%20xmlns%3D%22http%3A%2F%2Fwww.w3.org%2F2000%2Fsvg%22%20width%3D%22245%22%20height%3D%22175%22%20viewBox%3D%220%200%20245%20175%22%3E%3C%2Fsvg%3E\" loading=\"eager\"><\/span><span class=\"fg-image-overlay\"><\/span><\/a><\/figure><div class=\"fg-loader\"><\/div><\/div><div class=\"fg-item fg-type-image fg-idle\"><figure class=\"fg-item-inner\"><a href=\"https:\/\/puisenina.ee\/wp-content\/uploads\/2015\/03\/Tuba-7-Merevaade.jpg\" data-attachment-id=\"2053\" data-type=\"image\" class=\"fg-thumb\"><span class=\"fg-image-wrap\"><img decoding=\"async\" width=\"245\" height=\"175\" class=\"skip-lazy fg-image\" data-src-fg=\"https:\/\/puisenina.ee\/wp-content\/uploads\/cache\/2015\/03\/Tuba-7-Merevaade\/990786327.jpg\" src=\"data:image\/svg+xml,%3Csvg%20xmlns%3D%22http%3A%2F%2Fwww.w3.org%2F2000%2Fsvg%22%20width%3D%22245%22%20height%3D%22175%22%20viewBox%3D%220%200%20245%20175%22%3E%3C%2Fsvg%3E\" loading=\"eager\"><\/span><span class=\"fg-image-overlay\"><\/span><\/a><\/figure><div class=\"fg-loader\"><\/div><\/div><div class=\"fg-item fg-type-image fg-idle\"><figure class=\"fg-item-inner\"><a href=\"https:\/\/puisenina.ee\/wp-content\/uploads\/2015\/03\/Tuba-5-Merevaade.jpg\" data-attachment-id=\"2054\" data-type=\"image\" class=\"fg-thumb\"><span class=\"fg-image-wrap\"><img decoding=\"async\" width=\"245\" height=\"175\" class=\"skip-lazy fg-image\" data-src-fg=\"https:\/\/puisenina.ee\/wp-content\/uploads\/cache\/2015\/03\/Tuba-5-Merevaade\/1284000183.jpg\" src=\"data:image\/svg+xml,%3Csvg%20xmlns%3D%22http%3A%2F%2Fwww.w3.org%2F2000%2Fsvg%22%20width%3D%22245%22%20height%3D%22175%22%20viewBox%3D%220%200%20245%20175%22%3E%3C%2Fsvg%3E\" loading=\"eager\"><\/span><span class=\"fg-image-overlay\"><\/span><\/a><\/figure><div class=\"fg-loader\"><\/div><\/div><div class=\"fg-item fg-type-image fg-idle\"><figure class=\"fg-item-inner\"><a href=\"https:\/\/puisenina.ee\/wp-content\/uploads\/2015\/03\/Tuba-4.jpg\" data-attachment-id=\"2055\" data-type=\"image\" class=\"fg-thumb\"><span class=\"fg-image-wrap\"><img decoding=\"async\" width=\"245\" height=\"175\" class=\"skip-lazy fg-image\" data-src-fg=\"https:\/\/puisenina.ee\/wp-content\/uploads\/cache\/2015\/03\/Tuba-4\/1592194141.jpg\" src=\"data:image\/svg+xml,%3Csvg%20xmlns%3D%22http%3A%2F%2Fwww.w3.org%2F2000%2Fsvg%22%20width%3D%22245%22%20height%3D%22175%22%20viewBox%3D%220%200%20245%20175%22%3E%3C%2Fsvg%3E\" loading=\"eager\"><\/span><span class=\"fg-image-overlay\"><\/span><\/a><\/figure><div class=\"fg-loader\"><\/div><\/div><div class=\"fg-item fg-type-image fg-idle\"><figure class=\"fg-item-inner\"><a href=\"https:\/\/puisenina.ee\/wp-content\/uploads\/2015\/03\/Tuba-3-Merevaade.jpg\" data-attachment-id=\"2056\" data-type=\"image\" class=\"fg-thumb\"><span class=\"fg-image-wrap\"><img decoding=\"async\" width=\"245\" height=\"175\" class=\"skip-lazy fg-image\" data-src-fg=\"https:\/\/puisenina.ee\/wp-content\/uploads\/cache\/2015\/03\/Tuba-3-Merevaade\/2890419461.jpg\" src=\"data:image\/svg+xml,%3Csvg%20xmlns%3D%22http%3A%2F%2Fwww.w3.org%2F2000%2Fsvg%22%20width%3D%22245%22%20height%3D%22175%22%20viewBox%3D%220%200%20245%20175%22%3E%3C%2Fsvg%3E\" loading=\"eager\"><\/span><span class=\"fg-image-overlay\"><\/span><\/a><\/figure><div class=\"fg-loader\"><\/div><\/div><div class=\"fg-item fg-type-image fg-idle\"><figure class=\"fg-item-inner\"><a href=\"https:\/\/puisenina.ee\/wp-content\/uploads\/2015\/03\/Tuba-2.jpg\" data-attachment-id=\"2057\" data-type=\"image\" class=\"fg-thumb\"><span class=\"fg-image-wrap\"><img decoding=\"async\" width=\"245\" height=\"175\" class=\"skip-lazy fg-image\" data-src-fg=\"https:\/\/puisenina.ee\/wp-content\/uploads\/cache\/2015\/03\/Tuba-2\/2506710837.jpg\" src=\"data:image\/svg+xml,%3Csvg%20xmlns%3D%22http%3A%2F%2Fwww.w3.org%2F2000%2Fsvg%22%20width%3D%22245%22%20height%3D%22175%22%20viewBox%3D%220%200%20245%20175%22%3E%3C%2Fsvg%3E\" loading=\"eager\"><\/span><span class=\"fg-image-overlay\"><\/span><\/a><\/figure><div class=\"fg-loader\"><\/div><\/div><div class=\"fg-item fg-type-image fg-idle\"><figure class=\"fg-item-inner\"><a href=\"https:\/\/puisenina.ee\/wp-content\/uploads\/2015\/03\/Tuba-1-Merevaade.jpg\" data-attachment-id=\"2058\" data-type=\"image\" class=\"fg-thumb\"><span class=\"fg-image-wrap\"><img decoding=\"async\" width=\"245\" height=\"175\" class=\"skip-lazy fg-image\" data-src-fg=\"https:\/\/puisenina.ee\/wp-content\/uploads\/cache\/2015\/03\/Tuba-1-Merevaade\/1295516864.jpg\" src=\"data:image\/svg+xml,%3Csvg%20xmlns%3D%22http%3A%2F%2Fwww.w3.org%2F2000%2Fsvg%22%20width%3D%22245%22%20height%3D%22175%22%20viewBox%3D%220%200%20245%20175%22%3E%3C%2Fsvg%3E\" loading=\"eager\"><\/span><span class=\"fg-image-overlay\"><\/span><\/a><\/figure><div class=\"fg-loader\"><\/div><\/div><div class=\"fg-item fg-type-image fg-idle\"><figure class=\"fg-item-inner\"><a href=\"https:\/\/puisenina.ee\/wp-content\/uploads\/2015\/03\/vaade-merevaatega-toast.jpg\" data-attachment-id=\"2084\" data-type=\"image\" class=\"fg-thumb\"><span class=\"fg-image-wrap\"><img decoding=\"async\" width=\"245\" height=\"175\" class=\"skip-lazy fg-image\" data-src-fg=\"https:\/\/puisenina.ee\/wp-content\/uploads\/cache\/2015\/03\/vaade-merevaatega-toast\/2172011143.jpg\" src=\"data:image\/svg+xml,%3Csvg%20xmlns%3D%22http%3A%2F%2Fwww.w3.org%2F2000%2Fsvg%22%20width%3D%22245%22%20height%3D%22175%22%20viewBox%3D%220%200%20245%20175%22%3E%3C%2Fsvg%3E\" loading=\"eager\"><\/span><span class=\"fg-image-overlay\"><\/span><\/a><\/figure><div class=\"fg-loader\"><\/div><\/div><div class=\"fg-item fg-type-image fg-idle\"><figure class=\"fg-item-inner\"><a href=\"https:\/\/puisenina.ee\/wp-content\/uploads\/2015\/03\/1.jpg\" data-attachment-id=\"2081\" data-type=\"image\" class=\"fg-thumb\"><span class=\"fg-image-wrap\"><img decoding=\"async\" width=\"245\" height=\"175\" class=\"skip-lazy fg-image\" data-src-fg=\"https:\/\/puisenina.ee\/wp-content\/uploads\/cache\/2015\/03\/1\/4178106281.jpg\" src=\"data:image\/svg+xml,%3Csvg%20xmlns%3D%22http%3A%2F%2Fwww.w3.org%2F2000%2Fsvg%22%20width%3D%22245%22%20height%3D%22175%22%20viewBox%3D%220%200%20245%20175%22%3E%3C%2Fsvg%3E\" loading=\"eager\"><\/span><span class=\"fg-image-overlay\"><\/span><\/a><\/figure><div class=\"fg-loader\"><\/div><\/div><div class=\"fg-item fg-type-image fg-idle\"><figure class=\"fg-item-inner\"><a href=\"https:\/\/puisenina.ee\/wp-content\/uploads\/2015\/03\/vaade-merelt.jpg\" data-attachment-id=\"2080\" data-type=\"image\" class=\"fg-thumb\"><span class=\"fg-image-wrap\"><img decoding=\"async\" width=\"245\" height=\"175\" class=\"skip-lazy fg-image\" data-src-fg=\"https:\/\/puisenina.ee\/wp-content\/uploads\/cache\/2015\/03\/vaade-merelt\/3992656451.jpg\" src=\"data:image\/svg+xml,%3Csvg%20xmlns%3D%22http%3A%2F%2Fwww.w3.org%2F2000%2Fsvg%22%20width%3D%22245%22%20height%3D%22175%22%20viewBox%3D%220%200%20245%20175%22%3E%3C%2Fsvg%3E\" loading=\"eager\"><\/span><span class=\"fg-image-overlay\"><\/span><\/a><\/figure><div class=\"fg-loader\"><\/div><\/div><div class=\"fg-item fg-type-image fg-idle\"><figure class=\"fg-item-inner\"><a href=\"https:\/\/puisenina.ee\/wp-content\/uploads\/2016\/06\/675.jpg\" data-attachment-id=\"2079\" data-type=\"image\" class=\"fg-thumb\"><span class=\"fg-image-wrap\"><img decoding=\"async\" width=\"245\" height=\"175\" class=\"skip-lazy fg-image\" data-src-fg=\"https:\/\/puisenina.ee\/wp-content\/uploads\/cache\/2016\/06\/675\/3822014997.jpg\" src=\"data:image\/svg+xml,%3Csvg%20xmlns%3D%22http%3A%2F%2Fwww.w3.org%2F2000%2Fsvg%22%20width%3D%22245%22%20height%3D%22175%22%20viewBox%3D%220%200%20245%20175%22%3E%3C%2Fsvg%3E\" loading=\"eager\"><\/span><span class=\"fg-image-overlay\"><\/span><\/a><\/figure><div class=\"fg-loader\"><\/div><\/div><div class=\"fg-item fg-type-image fg-idle\"><figure class=\"fg-item-inner\"><a href=\"https:\/\/puisenina.ee\/wp-content\/uploads\/2015\/03\/Faili-Hanna_Daniel_pulmafoto_Rosenvald_Photography_071.jpg-koopia.jpg\" data-attachment-id=\"2152\" data-type=\"image\" class=\"fg-thumb\"><span class=\"fg-image-wrap\"><img decoding=\"async\" width=\"245\" height=\"175\" class=\"skip-lazy fg-image\" data-src-fg=\"https:\/\/puisenina.ee\/wp-content\/uploads\/cache\/2015\/03\/Faili-Hanna_Daniel_pulmafoto_Rosenvald_Photography_071_jpg-koopia\/3075398362.jpg\" src=\"data:image\/svg+xml,%3Csvg%20xmlns%3D%22http%3A%2F%2Fwww.w3.org%2F2000%2Fsvg%22%20width%3D%22245%22%20height%3D%22175%22%20viewBox%3D%220%200%20245%20175%22%3E%3C%2Fsvg%3E\" loading=\"eager\"><\/span><span class=\"fg-image-overlay\"><\/span><\/a><\/figure><div class=\"fg-loader\"><\/div><\/div><div class=\"fg-item fg-type-image fg-idle\"><figure class=\"fg-item-inner\"><a href=\"https:\/\/puisenina.ee\/wp-content\/uploads\/2015\/03\/Hanna-ja-Danieli-pulmad-791.jpg\" data-attachment-id=\"2153\" data-type=\"image\" class=\"fg-thumb\"><span class=\"fg-image-wrap\"><img decoding=\"async\" width=\"245\" height=\"175\" class=\"skip-lazy fg-image\" data-src-fg=\"https:\/\/puisenina.ee\/wp-content\/uploads\/cache\/2015\/03\/Hanna-ja-Danieli-pulmad-791\/4002826651.jpg\" src=\"data:image\/svg+xml,%3Csvg%20xmlns%3D%22http%3A%2F%2Fwww.w3.org%2F2000%2Fsvg%22%20width%3D%22245%22%20height%3D%22175%22%20viewBox%3D%220%200%20245%20175%22%3E%3C%2Fsvg%3E\" loading=\"eager\"><\/span><span class=\"fg-image-overlay\"><\/span><\/a><\/figure><div class=\"fg-loader\"><\/div><\/div><\/div>\n<style type=\"text\/css\">#foogallery-gallery-1333 { \r\nmargin-bottom: 20px;\r\n}<\/style>\n","protected":false},"excerpt":{"rendered":"<p>Book here: We have six twin\u00a0rooms and one double room. Each room has two separate beds and a convertible couch that can be used as an extra bed. One room have a double bed \u00a0a convertible coutch and armchair \u00a0that can be used as an extra bed. Each room includes a toilet , a shower  [&#8230;]<\/p>\n","protected":false},"author":4,"featured_media":0,"parent":0,"menu_order":0,"comment_status":"closed","ping_status":"closed","template":"","meta":{"footnotes":""},"class_list":["post-623","page","type-page","status-publish","hentry"],"yoast_head":"<!-- This site is optimized with the Yoast SEO plugin v27.4 - https:\/\/yoast.com\/product\/yoast-seo-wordpress\/ -->\n<title>Accommodation in L\u00e4\u00e4nemaa, Matsalu National Park<\/title>\n<meta name=\"description\" content=\"Accommodation in L\u00e4\u00e4nemaa, Matsalu National Park. Birdwatching in Matsalu National Park.Close to nature and nature- friendly.\" \/>\n<meta name=\"robots\" content=\"index, follow, max-snippet:-1, max-image-preview:large, max-video-preview:-1\" \/>\n<link rel=\"canonical\" href=\"https:\/\/puisenina.ee\/en\/accommodation-birdwatching\/\" \/>\n<meta property=\"og:locale\" content=\"en_US\" \/>\n<meta property=\"og:type\" content=\"article\" \/>\n<meta property=\"og:title\" content=\"Accommodation in L\u00e4\u00e4nemaa, Matsalu National Park\" \/>\n<meta property=\"og:description\" content=\"Accommodation in L\u00e4\u00e4nemaa, Matsalu National Park. Birdwatching in Matsalu National Park.Close to nature and nature- friendly.\" \/>\n<meta property=\"og:url\" content=\"https:\/\/puisenina.ee\/en\/accommodation-birdwatching\/\" \/>\n<meta property=\"og:site_name\" content=\"Puise Nina k\u00fclalistemaja\" \/>\n<meta property=\"article:modified_time\" content=\"2026-01-25T17:38:19+00:00\" \/>\n<meta name=\"twitter:label1\" content=\"Est. reading time\" \/>\n\t<meta name=\"twitter:data1\" content=\"4 minutes\" \/>\n<script type=\"application\/ld+json\" class=\"yoast-schema-graph\">{\"@context\":\"https:\\\/\\\/schema.org\",\"@graph\":[{\"@type\":\"WebPage\",\"@id\":\"https:\\\/\\\/puisenina.ee\\\/en\\\/accommodation-birdwatching\\\/\",\"url\":\"https:\\\/\\\/puisenina.ee\\\/en\\\/accommodation-birdwatching\\\/\",\"name\":\"Accommodation in L\u00e4\u00e4nemaa, Matsalu National Park\",\"isPartOf\":{\"@id\":\"https:\\\/\\\/puisenina.ee\\\/#website\"},\"datePublished\":\"2013-07-11T09:01:29+00:00\",\"dateModified\":\"2026-01-25T17:38:19+00:00\",\"description\":\"Accommodation in L\u00e4\u00e4nemaa, Matsalu National Park. Birdwatching in Matsalu National Park.Close to nature and nature- friendly.\",\"breadcrumb\":{\"@id\":\"https:\\\/\\\/puisenina.ee\\\/en\\\/accommodation-birdwatching\\\/#breadcrumb\"},\"inLanguage\":\"en-US\",\"potentialAction\":[{\"@type\":\"ReadAction\",\"target\":[\"https:\\\/\\\/puisenina.ee\\\/en\\\/accommodation-birdwatching\\\/\"]}]},{\"@type\":\"BreadcrumbList\",\"@id\":\"https:\\\/\\\/puisenina.ee\\\/en\\\/accommodation-birdwatching\\\/#breadcrumb\",\"itemListElement\":[{\"@type\":\"ListItem\",\"position\":1,\"name\":\"Home\",\"item\":\"https:\\\/\\\/puisenina.ee\\\/en\\\/\"},{\"@type\":\"ListItem\",\"position\":2,\"name\":\"Accommodation\"}]},{\"@type\":\"WebSite\",\"@id\":\"https:\\\/\\\/puisenina.ee\\\/#website\",\"url\":\"https:\\\/\\\/puisenina.ee\\\/\",\"name\":\"Puise Nina k\u00fclalistemaja\",\"description\":\"Maal\u00e4hedane ja looduss\u00f5bralik puhkus\",\"potentialAction\":[{\"@type\":\"SearchAction\",\"target\":{\"@type\":\"EntryPoint\",\"urlTemplate\":\"https:\\\/\\\/puisenina.ee\\\/?s={search_term_string}\"},\"query-input\":{\"@type\":\"PropertyValueSpecification\",\"valueRequired\":true,\"valueName\":\"search_term_string\"}}],\"inLanguage\":\"en-US\"}]}<\/script>\n<!-- \/ Yoast SEO plugin. -->","yoast_head_json":{"title":"Accommodation in L\u00e4\u00e4nemaa, Matsalu National Park","description":"Accommodation in L\u00e4\u00e4nemaa, Matsalu National Park. Birdwatching in Matsalu National Park.Close to nature and nature- friendly.","robots":{"index":"index","follow":"follow","max-snippet":"max-snippet:-1","max-image-preview":"max-image-preview:large","max-video-preview":"max-video-preview:-1"},"canonical":"https:\/\/puisenina.ee\/en\/accommodation-birdwatching\/","og_locale":"en_US","og_type":"article","og_title":"Accommodation in L\u00e4\u00e4nemaa, Matsalu National Park","og_description":"Accommodation in L\u00e4\u00e4nemaa, Matsalu National Park. Birdwatching in Matsalu National Park.Close to nature and nature- friendly.","og_url":"https:\/\/puisenina.ee\/en\/accommodation-birdwatching\/","og_site_name":"Puise Nina k\u00fclalistemaja","article_modified_time":"2026-01-25T17:38:19+00:00","twitter_misc":{"Est. reading time":"4 minutes"},"schema":{"@context":"https:\/\/schema.org","@graph":[{"@type":"WebPage","@id":"https:\/\/puisenina.ee\/en\/accommodation-birdwatching\/","url":"https:\/\/puisenina.ee\/en\/accommodation-birdwatching\/","name":"Accommodation in L\u00e4\u00e4nemaa, Matsalu National Park","isPartOf":{"@id":"https:\/\/puisenina.ee\/#website"},"datePublished":"2013-07-11T09:01:29+00:00","dateModified":"2026-01-25T17:38:19+00:00","description":"Accommodation in L\u00e4\u00e4nemaa, Matsalu National Park. Birdwatching in Matsalu National Park.Close to nature and nature- friendly.","breadcrumb":{"@id":"https:\/\/puisenina.ee\/en\/accommodation-birdwatching\/#breadcrumb"},"inLanguage":"en-US","potentialAction":[{"@type":"ReadAction","target":["https:\/\/puisenina.ee\/en\/accommodation-birdwatching\/"]}]},{"@type":"BreadcrumbList","@id":"https:\/\/puisenina.ee\/en\/accommodation-birdwatching\/#breadcrumb","itemListElement":[{"@type":"ListItem","position":1,"name":"Home","item":"https:\/\/puisenina.ee\/en\/"},{"@type":"ListItem","position":2,"name":"Accommodation"}]},{"@type":"WebSite","@id":"https:\/\/puisenina.ee\/#website","url":"https:\/\/puisenina.ee\/","name":"Puise Nina k\u00fclalistemaja","description":"Maal\u00e4hedane ja looduss\u00f5bralik puhkus","potentialAction":[{"@type":"SearchAction","target":{"@type":"EntryPoint","urlTemplate":"https:\/\/puisenina.ee\/?s={search_term_string}"},"query-input":{"@type":"PropertyValueSpecification","valueRequired":true,"valueName":"search_term_string"}}],"inLanguage":"en-US"}]}},"_links":{"self":[{"href":"https:\/\/puisenina.ee\/en\/wp-json\/wp\/v2\/pages\/623","targetHints":{"allow":["GET"]}}],"collection":[{"href":"https:\/\/puisenina.ee\/en\/wp-json\/wp\/v2\/pages"}],"about":[{"href":"https:\/\/puisenina.ee\/en\/wp-json\/wp\/v2\/types\/page"}],"author":[{"embeddable":true,"href":"https:\/\/puisenina.ee\/en\/wp-json\/wp\/v2\/users\/4"}],"replies":[{"embeddable":true,"href":"https:\/\/puisenina.ee\/en\/wp-json\/wp\/v2\/comments?post=623"}],"version-history":[{"count":2,"href":"https:\/\/puisenina.ee\/en\/wp-json\/wp\/v2\/pages\/623\/revisions"}],"predecessor-version":[{"id":2340,"href":"https:\/\/puisenina.ee\/en\/wp-json\/wp\/v2\/pages\/623\/revisions\/2340"}],"wp:attachment":[{"href":"https:\/\/puisenina.ee\/en\/wp-json\/wp\/v2\/media?parent=623"}],"curies":[{"name":"wp","href":"https:\/\/api.w.org\/{rel}","templated":true}]}}