{"id":617,"date":"2013-07-11T10:52:48","date_gmt":"2013-07-11T08:52:48","guid":{"rendered":"http:\/\/www.nina.dev\/?page_id=617"},"modified":"2026-02-19T21:11:42","modified_gmt":"2026-02-19T19:11:42","slug":"prices","status":"publish","type":"page","link":"https:\/\/puisenina.ee\/en\/prices\/","title":{"rendered":"Prices"},"content":{"rendered":"\r\n<figure class=\"wp-block-table\">\r\n<table>\r\n<thead>\r\n<tr>\r\n<th><strong>THE\u00a0BIRD-WATCHING\u00a0TOWER\u00a0RENT (from\u00a0\u00a016.00\u00a0until\u00a012.00\u00a0next\u00a0day)\u00a0<\/strong><\/th>\r\n<th class=\"has-text-align-center\" data-align=\"center\"><strong>Price<\/strong><\/th>\r\n<\/tr>\r\n<\/thead>\r\n<tbody>\r\n<tr>\r\n<td>1-2\u00a0person\u00a01\u00a0night\u00a0\/\u00a03\u00a0nights\u00a0and\u00a0more<\/td>\r\n<td class=\"has-text-align-center\" data-align=\"center\">150\u20ac \/ 140\u20ac<\/td>\r\n<\/tr>\r\n<tr>\r\n<td>3\u00a0person\u00a01\u00a0night\u00a0\/\u00a03\u00a0nights\u00a0and\u00a0more<\/td>\r\n<td class=\"has-text-align-center\" data-align=\"center\">180\u20ac \/ 170\u20ac<\/td>\r\n<\/tr>\r\n<tr>\r\n<td>*Breakfast\u00a0is\u00a0not\u00a0included\u00a0into\u00a0the\u00a0rent\u00a0of\u00a0the\u00a0tower\u00a0<\/td>\r\n<td class=\"has-text-align-center\" data-align=\"center\">\u00a0<\/td>\r\n<\/tr>\r\n<tr>\r\n<td>Breakfast<\/td>\r\n<td class=\"has-text-align-center\" data-align=\"center\">\u00a0<\/td>\r\n<\/tr>\r\n<tr>\r\n<td>Breakfast\u00a0(\u00a0in\u00a0Kogre\u00a0K\u00f5rts)\u00a0<\/td>\r\n<td class=\"has-text-align-center\" data-align=\"center\">17 \u20ac<\/td>\r\n<\/tr>\r\n<tr>\r\n<td>Breakfast\u00a0in\u00a0Bird-Watching\u00a0tower\u00a0<\/td>\r\n<td class=\"has-text-align-center\" data-align=\"center\">20\u00a0\u20ac<\/td>\r\n<\/tr>\r\n<tr>\r\n<td>Sauna\u00a0(wood\u00a0heated)\u00a0up\u00a0to\u00a03\u00a0people<\/td>\r\n<td class=\"has-text-align-center\" data-align=\"center\">30\u00a0\u20ac<\/td>\r\n<\/tr>\r\n<tr>\r\n<td>*\u00a0for\u00a0every\u00a0next\u00a0person\u00a0additional\u00a0pay\u00a0applies<\/td>\r\n<td class=\"has-text-align-center\" data-align=\"center\">10\u00a0\u20ac<\/td>\r\n<\/tr>\r\n<tr>\r\n<td>*\u00a0max.\u00a06\u00a0people<\/td>\r\n<td class=\"has-text-align-center\" data-align=\"center\">\u00a0<\/td>\r\n<\/tr>\r\n<\/tbody>\r\n<\/table>\r\n<\/figure>\r\n\r\n\r\n\r\n<figure class=\"wp-block-table\">\r\n<table>\r\n<thead>\r\n<tr>\r\n<th><strong>ACCOMMODATION\u00a0IN\u00a0ROOM\u00a0(breakfast\u00a0included)\u00a0<\/strong><\/th>\r\n<th class=\"has-text-align-center\" data-align=\"center\"><strong>Price<\/strong><\/th>\r\n<\/tr>\r\n<\/thead>\r\n<tbody>\r\n<tr>\r\n<td>(check-in\u00a0\u00a016.00,\u00a0check-out\u00a012.00\u00a0)<\/td>\r\n<td class=\"has-text-align-center\" data-align=\"center\">\u00a0<\/td>\r\n<\/tr>\r\n<tr>\r\n<td>1\u00a0\u00a0person\u00a0\u00a01\u00a0night\u00a0\/\u00a03\u00a0and\u00a0more\u00a0nights<\/td>\r\n<td class=\"has-text-align-center\" data-align=\"center\">90\u20ac \/ 85\u20ac<\/td>\r\n<\/tr>\r\n<tr>\r\n<td>2\u00a0persons\u00a0\u00a01\u00a0night\u00a0\/\u00a03\u00a0and\u00a0more\u00a0nights<\/td>\r\n<td class=\"has-text-align-center\" data-align=\"center\">115\u20ac \/ 110\u20ac<\/td>\r\n<\/tr>\r\n<tr>\r\n<td>3\u00a0persons\u00a0\u00a01\u00a0night\u00a0\/\u00a03\u00a0and\u00a0more\u00a0nights<\/td>\r\n<td class=\"has-text-align-center\" data-align=\"center\">150\u20ac \/ 145\u20ac<\/td>\r\n<\/tr>\r\n<tr>\r\n<td>4\u00a0persons\u00a0\u00a01\u00a0night\u00a0\/\u00a03\u00a0and\u00a0more\u00a0nights<\/td>\r\n<td class=\"has-text-align-center\" data-align=\"center\">170\u20ac \/ 165\u20ac<\/td>\r\n<\/tr>\r\n<tr>\r\n<td>\u00a0<strong>ACCOMMODATION\u00a0\u00a0IN\u00a0SUITE\u00a0(breakfast\u00a0included)\u00a0<\/strong><\/td>\r\n<td class=\"has-text-align-center\" data-align=\"center\">\u00a0<\/td>\r\n<\/tr>\r\n<tr>\r\n<td>1\u00a0\u00a0person\u00a0\u00a01\u00a0night\u00a0\/\u00a03\u00a0nights\u00a0and\u00a0more<\/td>\r\n<td class=\"has-text-align-center\" data-align=\"center\">100\u20ac \/ 95\u20ac<\/td>\r\n<\/tr>\r\n<tr>\r\n<td>2\u00a0persons\u00a0\u00a01\u00a0night\u00a0\/\u00a03\u00a0nights\u00a0and\u00a0more<\/td>\r\n<td class=\"has-text-align-center\" data-align=\"center\">125\u20ac \/ 120\u20ac<\/td>\r\n<\/tr>\r\n<tr>\r\n<td>3\u00a0persons\u00a0\u00a01\u00a0night\u00a0\/\u00a03\u00a0nights\u00a0and\u00a0more<\/td>\r\n<td class=\"has-text-align-center\" data-align=\"center\">160\u20ac \/ 155\u20ac<\/td>\r\n<\/tr>\r\n<tr>\r\n<td>4\u00a0persons\u00a0\u00a01\u00a0night\u00a0\/\u00a03\u00a0nights\u00a0and\u00a0more<\/td>\r\n<td class=\"has-text-align-center\" data-align=\"center\">180\u20ac \/ 175\u20ac<\/td>\r\n<\/tr>\r\n<tr>\r\n<td>Suite\u00a0sauna\u00a0for\u00a02\u00a0persons\u00a0(2\u00a0hours)\u00a0<\/td>\r\n<td class=\"has-text-align-center\" data-align=\"center\">30\u20ac<\/td>\r\n<\/tr>\r\n<\/tbody>\r\n<\/table>\r\n<\/figure>\r\n\r\n\r\n\r\n<figure class=\"wp-block-table\">\r\n<table>\r\n<thead>\r\n<tr>\r\n<th><strong>OTHER\u00a0SERVICES\u00a0<\/strong><\/th>\r\n<th class=\"has-text-align-center\" data-align=\"center\"><strong>Price<\/strong><\/th>\r\n<\/tr>\r\n<\/thead>\r\n<tbody>\r\n<tr>\r\n<td>Camping\u00a0(1\u00a0person)<\/td>\r\n<td class=\"has-text-align-center\" data-align=\"center\">10\u20ac<\/td>\r\n<\/tr>\r\n<tr>\r\n<td>*\u00a0child\u00a0under\u00a02\u00a0years\u00a0free<\/td>\r\n<td class=\"has-text-align-center\" data-align=\"center\">\u00a0<\/td>\r\n<\/tr>\r\n<tr>\r\n<td>\u00a0<\/td>\r\n<td class=\"has-text-align-center\" data-align=\"center\">\u00a0<\/td>\r\n<\/tr>\r\n<tr>\r\n<td>Caravan\u00a0(\u00a02\u00a0person)<\/td>\r\n<td class=\"has-text-align-center\" data-align=\"center\">30\u20ac<\/td>\r\n<\/tr>\r\n<tr>\r\n<td>*the\u00a0price\u00a0does\u00a0not\u00a0include\u00a0the\u00a0use\u00a0of\u00a0water\u00a0and\u00a0electricity<\/td>\r\n<td class=\"has-text-align-center\" data-align=\"center\">\u00a0<\/td>\r\n<\/tr>\r\n<tr>\r\n<td>Caravan\u00a0(\u00a02\u00a0person)\u00a0include\u00a0use\u00a0of\u00a0water\u00a0and\u00a0electricity<\/td>\r\n<td class=\"has-text-align-center\" data-align=\"center\">40\u20ac<\/td>\r\n<\/tr>\r\n<tr>\r\n<td>Child<\/td>\r\n<td class=\"has-text-align-center\" data-align=\"center\">5\u20ac<\/td>\r\n<\/tr>\r\n<tr>\r\n<td>Shower\u00a0(1\u00a0person)\u00a0<\/td>\r\n<td class=\"has-text-align-center\" data-align=\"center\">5\u20ac<\/td>\r\n<\/tr>\r\n<tr>\r\n<td>Boat\u00a0trip\u00a01\u00a0hour\u00a0(max.\u00a0number\u00a0of\u00a0people\u00a010)\u00a0<\/td>\r\n<td class=\"has-text-align-center\" data-align=\"center\">130\u20ac<\/td>\r\n<\/tr>\r\n<tr>\r\n<td>Portable\u00a0grill\u00a0rent\u00a0<\/td>\r\n<td class=\"has-text-align-center\" data-align=\"center\">10\u20ac\/ 2 hours<\/td>\r\n<\/tr>\r\n<tr>\r\n<td>Large\u00a0grill\u00a0rent\u00a0<\/td>\r\n<td class=\"has-text-align-center\" data-align=\"center\">30\u20ac\/ 2 hours<\/td>\r\n<\/tr>\r\n<tr>\r\n<td>Charcoali+\u00a0burning\u00a0liquid\u00a0<\/td>\r\n<td class=\"has-text-align-center\" data-align=\"center\">5\u20ac + 5\u20ac<\/td>\r\n<\/tr>\r\n<tr>\r\n<td>\u00a0Wood\u00a01\u00a0basket\u00a0<\/td>\r\n<td class=\"has-text-align-center\" data-align=\"center\">10\u20ac<\/td>\r\n<\/tr>\r\n<tr>\r\n<td>Picnic\u00a0in\u00a0the\u00a0farm\u00a0yard\u00a0<\/td>\r\n<td class=\"has-text-align-center\" data-align=\"center\">5\u20ac<\/td>\r\n<\/tr>\r\n<tr>\r\n<td>Picnic\u00a0in\u00a0the\u00a0farm\u00a0yard\u00a0(\u00a0own\u00a0grill)\u00a0<\/td>\r\n<td class=\"has-text-align-center\" data-align=\"center\">5\u20ac<\/td>\r\n<\/tr>\r\n<tr>\r\n<td>Use\u00a0of\u00a0a\u00a0fridge\u00a024\u00a0hours<\/td>\r\n<td class=\"has-text-align-center\" data-align=\"center\">5\u20ac<\/td>\r\n<\/tr>\r\n<\/tbody>\r\n<\/table>\r\n<\/figure>\r\n","protected":false},"excerpt":{"rendered":"<p>THE\u00a0BIRD-WATCHING\u00a0TOWER\u00a0RENT (from\u00a0\u00a016.00\u00a0until\u00a012.00\u00a0next\u00a0day)\u00a0 Price 1-2\u00a0person\u00a01\u00a0night\u00a0\/\u00a03\u00a0nights\u00a0and\u00a0more 150\u20ac \/ 140\u20ac 3\u00a0person\u00a01\u00a0night\u00a0\/\u00a03\u00a0nights\u00a0and\u00a0more 180\u20ac \/ 170\u20ac *Breakfast\u00a0is\u00a0not\u00a0included\u00a0into\u00a0the\u00a0rent\u00a0of\u00a0the\u00a0tower\u00a0 \u00a0 Breakfast \u00a0 Breakfast\u00a0(\u00a0in\u00a0Kogre\u00a0K\u00f5rts)\u00a0 17 \u20ac Breakfast\u00a0in\u00a0Bird-Watching\u00a0tower\u00a0 20\u00a0\u20ac Sauna\u00a0(wood\u00a0heated)\u00a0up\u00a0to\u00a03\u00a0people 30\u00a0\u20ac *\u00a0for\u00a0every\u00a0next\u00a0person\u00a0additional\u00a0pay\u00a0applies 10\u00a0\u20ac *\u00a0max.\u00a06\u00a0people \u00a0 ACCOMMODATION\u00a0IN\u00a0ROOM\u00a0(breakfast\u00a0included)\u00a0 Price (check-in\u00a0\u00a016.00,\u00a0check-out\u00a012.00\u00a0) \u00a0 1\u00a0\u00a0person\u00a0\u00a01\u00a0night\u00a0\/\u00a03\u00a0and\u00a0more\u00a0nights 90\u20ac \/ 85\u20ac 2\u00a0persons\u00a0\u00a01\u00a0night\u00a0\/\u00a03\u00a0and\u00a0more\u00a0nights 115\u20ac \/ 110\u20ac 3\u00a0persons\u00a0\u00a01\u00a0night\u00a0\/\u00a03\u00a0and\u00a0more\u00a0nights 150\u20ac \/ 145\u20ac 4\u00a0persons\u00a0\u00a01\u00a0night\u00a0\/\u00a03\u00a0and\u00a0more\u00a0nights 170\u20ac \/ 165\u20ac \u00a0ACCOMMODATION\u00a0\u00a0IN\u00a0SUITE\u00a0(breakfast\u00a0included)\u00a0 \u00a0 1\u00a0\u00a0person\u00a0\u00a01\u00a0night\u00a0\/\u00a03\u00a0nights\u00a0and\u00a0more 100\u20ac \/ 95\u20ac 2\u00a0persons\u00a0\u00a01\u00a0night\u00a0\/\u00a03\u00a0nights\u00a0and\u00a0more 125\u20ac \/  [&#8230;]<\/p>\n","protected":false},"author":4,"featured_media":0,"parent":0,"menu_order":3,"comment_status":"closed","ping_status":"closed","template":"","meta":{"footnotes":""},"class_list":["post-617","page","type-page","status-publish","hentry"],"yoast_head":"<!-- This site is optimized with the Yoast SEO plugin v27.4 - https:\/\/yoast.com\/product\/yoast-seo-wordpress\/ -->\n<title>Prices - Puise Nina k\u00fclalistemaja<\/title>\n<meta name=\"robots\" content=\"index, follow, max-snippet:-1, max-image-preview:large, max-video-preview:-1\" \/>\n<link rel=\"canonical\" href=\"https:\/\/puisenina.ee\/en\/prices\/\" \/>\n<meta property=\"og:locale\" content=\"en_US\" \/>\n<meta property=\"og:type\" content=\"article\" \/>\n<meta property=\"og:title\" content=\"Prices - Puise Nina k\u00fclalistemaja\" \/>\n<meta property=\"og:description\" content=\"THE\u00a0BIRD-WATCHING\u00a0TOWER\u00a0RENT (from\u00a0\u00a016.00\u00a0until\u00a012.00\u00a0next\u00a0day)\u00a0 Price 1-2\u00a0person\u00a01\u00a0night\u00a0\/\u00a03\u00a0nights\u00a0and\u00a0more 150\u20ac \/ 140\u20ac 3\u00a0person\u00a01\u00a0night\u00a0\/\u00a03\u00a0nights\u00a0and\u00a0more 180\u20ac \/ 170\u20ac *Breakfast\u00a0is\u00a0not\u00a0included\u00a0into\u00a0the\u00a0rent\u00a0of\u00a0the\u00a0tower\u00a0 \u00a0 Breakfast \u00a0 Breakfast\u00a0(\u00a0in\u00a0Kogre\u00a0K\u00f5rts)\u00a0 17 \u20ac Breakfast\u00a0in\u00a0Bird-Watching\u00a0tower\u00a0 20\u00a0\u20ac Sauna\u00a0(wood\u00a0heated)\u00a0up\u00a0to\u00a03\u00a0people 30\u00a0\u20ac *\u00a0for\u00a0every\u00a0next\u00a0person\u00a0additional\u00a0pay\u00a0applies 10\u00a0\u20ac *\u00a0max.\u00a06\u00a0people \u00a0 ACCOMMODATION\u00a0IN\u00a0ROOM\u00a0(breakfast\u00a0included)\u00a0 Price (check-in\u00a0\u00a016.00,\u00a0check-out\u00a012.00\u00a0) \u00a0 1\u00a0\u00a0person\u00a0\u00a01\u00a0night\u00a0\/\u00a03\u00a0and\u00a0more\u00a0nights 90\u20ac \/ 85\u20ac 2\u00a0persons\u00a0\u00a01\u00a0night\u00a0\/\u00a03\u00a0and\u00a0more\u00a0nights 115\u20ac \/ 110\u20ac 3\u00a0persons\u00a0\u00a01\u00a0night\u00a0\/\u00a03\u00a0and\u00a0more\u00a0nights 150\u20ac \/ 145\u20ac 4\u00a0persons\u00a0\u00a01\u00a0night\u00a0\/\u00a03\u00a0and\u00a0more\u00a0nights 170\u20ac \/ 165\u20ac \u00a0ACCOMMODATION\u00a0\u00a0IN\u00a0SUITE\u00a0(breakfast\u00a0included)\u00a0 \u00a0 1\u00a0\u00a0person\u00a0\u00a01\u00a0night\u00a0\/\u00a03\u00a0nights\u00a0and\u00a0more 100\u20ac \/ 95\u20ac 2\u00a0persons\u00a0\u00a01\u00a0night\u00a0\/\u00a03\u00a0nights\u00a0and\u00a0more 125\u20ac \/ [...]\" \/>\n<meta property=\"og:url\" content=\"https:\/\/puisenina.ee\/en\/prices\/\" \/>\n<meta property=\"og:site_name\" content=\"Puise Nina k\u00fclalistemaja\" \/>\n<meta property=\"article:modified_time\" content=\"2026-02-19T19:11:42+00:00\" \/>\n<meta name=\"twitter:label1\" content=\"Est. reading time\" \/>\n\t<meta name=\"twitter:data1\" content=\"2 minutes\" \/>\n<script type=\"application\/ld+json\" class=\"yoast-schema-graph\">{\"@context\":\"https:\\\/\\\/schema.org\",\"@graph\":[{\"@type\":\"WebPage\",\"@id\":\"https:\\\/\\\/puisenina.ee\\\/en\\\/prices\\\/\",\"url\":\"https:\\\/\\\/puisenina.ee\\\/en\\\/prices\\\/\",\"name\":\"Prices - Puise Nina k\u00fclalistemaja\",\"isPartOf\":{\"@id\":\"https:\\\/\\\/puisenina.ee\\\/#website\"},\"datePublished\":\"2013-07-11T08:52:48+00:00\",\"dateModified\":\"2026-02-19T19:11:42+00:00\",\"breadcrumb\":{\"@id\":\"https:\\\/\\\/puisenina.ee\\\/en\\\/prices\\\/#breadcrumb\"},\"inLanguage\":\"en-US\",\"potentialAction\":[{\"@type\":\"ReadAction\",\"target\":[\"https:\\\/\\\/puisenina.ee\\\/en\\\/prices\\\/\"]}]},{\"@type\":\"BreadcrumbList\",\"@id\":\"https:\\\/\\\/puisenina.ee\\\/en\\\/prices\\\/#breadcrumb\",\"itemListElement\":[{\"@type\":\"ListItem\",\"position\":1,\"name\":\"Home\",\"item\":\"https:\\\/\\\/puisenina.ee\\\/en\\\/\"},{\"@type\":\"ListItem\",\"position\":2,\"name\":\"Prices\"}]},{\"@type\":\"WebSite\",\"@id\":\"https:\\\/\\\/puisenina.ee\\\/#website\",\"url\":\"https:\\\/\\\/puisenina.ee\\\/\",\"name\":\"Puise Nina k\u00fclalistemaja\",\"description\":\"Maal\u00e4hedane ja looduss\u00f5bralik puhkus\",\"potentialAction\":[{\"@type\":\"SearchAction\",\"target\":{\"@type\":\"EntryPoint\",\"urlTemplate\":\"https:\\\/\\\/puisenina.ee\\\/?s={search_term_string}\"},\"query-input\":{\"@type\":\"PropertyValueSpecification\",\"valueRequired\":true,\"valueName\":\"search_term_string\"}}],\"inLanguage\":\"en-US\"}]}<\/script>\n<!-- \/ Yoast SEO plugin. -->","yoast_head_json":{"title":"Prices - Puise Nina k\u00fclalistemaja","robots":{"index":"index","follow":"follow","max-snippet":"max-snippet:-1","max-image-preview":"max-image-preview:large","max-video-preview":"max-video-preview:-1"},"canonical":"https:\/\/puisenina.ee\/en\/prices\/","og_locale":"en_US","og_type":"article","og_title":"Prices - Puise Nina k\u00fclalistemaja","og_description":"THE\u00a0BIRD-WATCHING\u00a0TOWER\u00a0RENT (from\u00a0\u00a016.00\u00a0until\u00a012.00\u00a0next\u00a0day)\u00a0 Price 1-2\u00a0person\u00a01\u00a0night\u00a0\/\u00a03\u00a0nights\u00a0and\u00a0more 150\u20ac \/ 140\u20ac 3\u00a0person\u00a01\u00a0night\u00a0\/\u00a03\u00a0nights\u00a0and\u00a0more 180\u20ac \/ 170\u20ac *Breakfast\u00a0is\u00a0not\u00a0included\u00a0into\u00a0the\u00a0rent\u00a0of\u00a0the\u00a0tower\u00a0 \u00a0 Breakfast \u00a0 Breakfast\u00a0(\u00a0in\u00a0Kogre\u00a0K\u00f5rts)\u00a0 17 \u20ac Breakfast\u00a0in\u00a0Bird-Watching\u00a0tower\u00a0 20\u00a0\u20ac Sauna\u00a0(wood\u00a0heated)\u00a0up\u00a0to\u00a03\u00a0people 30\u00a0\u20ac *\u00a0for\u00a0every\u00a0next\u00a0person\u00a0additional\u00a0pay\u00a0applies 10\u00a0\u20ac *\u00a0max.\u00a06\u00a0people \u00a0 ACCOMMODATION\u00a0IN\u00a0ROOM\u00a0(breakfast\u00a0included)\u00a0 Price (check-in\u00a0\u00a016.00,\u00a0check-out\u00a012.00\u00a0) \u00a0 1\u00a0\u00a0person\u00a0\u00a01\u00a0night\u00a0\/\u00a03\u00a0and\u00a0more\u00a0nights 90\u20ac \/ 85\u20ac 2\u00a0persons\u00a0\u00a01\u00a0night\u00a0\/\u00a03\u00a0and\u00a0more\u00a0nights 115\u20ac \/ 110\u20ac 3\u00a0persons\u00a0\u00a01\u00a0night\u00a0\/\u00a03\u00a0and\u00a0more\u00a0nights 150\u20ac \/ 145\u20ac 4\u00a0persons\u00a0\u00a01\u00a0night\u00a0\/\u00a03\u00a0and\u00a0more\u00a0nights 170\u20ac \/ 165\u20ac \u00a0ACCOMMODATION\u00a0\u00a0IN\u00a0SUITE\u00a0(breakfast\u00a0included)\u00a0 \u00a0 1\u00a0\u00a0person\u00a0\u00a01\u00a0night\u00a0\/\u00a03\u00a0nights\u00a0and\u00a0more 100\u20ac \/ 95\u20ac 2\u00a0persons\u00a0\u00a01\u00a0night\u00a0\/\u00a03\u00a0nights\u00a0and\u00a0more 125\u20ac \/ [...]","og_url":"https:\/\/puisenina.ee\/en\/prices\/","og_site_name":"Puise Nina k\u00fclalistemaja","article_modified_time":"2026-02-19T19:11:42+00:00","twitter_misc":{"Est. reading time":"2 minutes"},"schema":{"@context":"https:\/\/schema.org","@graph":[{"@type":"WebPage","@id":"https:\/\/puisenina.ee\/en\/prices\/","url":"https:\/\/puisenina.ee\/en\/prices\/","name":"Prices - Puise Nina k\u00fclalistemaja","isPartOf":{"@id":"https:\/\/puisenina.ee\/#website"},"datePublished":"2013-07-11T08:52:48+00:00","dateModified":"2026-02-19T19:11:42+00:00","breadcrumb":{"@id":"https:\/\/puisenina.ee\/en\/prices\/#breadcrumb"},"inLanguage":"en-US","potentialAction":[{"@type":"ReadAction","target":["https:\/\/puisenina.ee\/en\/prices\/"]}]},{"@type":"BreadcrumbList","@id":"https:\/\/puisenina.ee\/en\/prices\/#breadcrumb","itemListElement":[{"@type":"ListItem","position":1,"name":"Home","item":"https:\/\/puisenina.ee\/en\/"},{"@type":"ListItem","position":2,"name":"Prices"}]},{"@type":"WebSite","@id":"https:\/\/puisenina.ee\/#website","url":"https:\/\/puisenina.ee\/","name":"Puise Nina k\u00fclalistemaja","description":"Maal\u00e4hedane ja looduss\u00f5bralik puhkus","potentialAction":[{"@type":"SearchAction","target":{"@type":"EntryPoint","urlTemplate":"https:\/\/puisenina.ee\/?s={search_term_string}"},"query-input":{"@type":"PropertyValueSpecification","valueRequired":true,"valueName":"search_term_string"}}],"inLanguage":"en-US"}]}},"_links":{"self":[{"href":"https:\/\/puisenina.ee\/en\/wp-json\/wp\/v2\/pages\/617","targetHints":{"allow":["GET"]}}],"collection":[{"href":"https:\/\/puisenina.ee\/en\/wp-json\/wp\/v2\/pages"}],"about":[{"href":"https:\/\/puisenina.ee\/en\/wp-json\/wp\/v2\/types\/page"}],"author":[{"embeddable":true,"href":"https:\/\/puisenina.ee\/en\/wp-json\/wp\/v2\/users\/4"}],"replies":[{"embeddable":true,"href":"https:\/\/puisenina.ee\/en\/wp-json\/wp\/v2\/comments?post=617"}],"version-history":[{"count":5,"href":"https:\/\/puisenina.ee\/en\/wp-json\/wp\/v2\/pages\/617\/revisions"}],"predecessor-version":[{"id":2345,"href":"https:\/\/puisenina.ee\/en\/wp-json\/wp\/v2\/pages\/617\/revisions\/2345"}],"wp:attachment":[{"href":"https:\/\/puisenina.ee\/en\/wp-json\/wp\/v2\/media?parent=617"}],"curies":[{"name":"wp","href":"https:\/\/api.w.org\/{rel}","templated":true}]}}