{"id":514,"date":"2013-02-13T10:28:28","date_gmt":"2013-02-13T10:28:28","guid":{"rendered":"http:\/\/raili.ekursused.net\/?page_id=514"},"modified":"2021-12-08T18:54:51","modified_gmt":"2021-12-08T16:54:51","slug":"puise-nina-talu-farm-close-nature-nature-friendly","status":"publish","type":"page","link":"https:\/\/puisenina.ee\/en\/","title":{"rendered":"&#8220;Puise nina talu&#8221; farm &#8211;  Close to nature and nature-friendly"},"content":{"rendered":"<p><div class=\"fusion-fullwidth fullwidth-box fusion-builder-row-1 nonhundred-percent-fullwidth non-hundred-percent-height-scrolling\" style=\"--awb-background-position:left top;--awb-background-repeat:repeat;--awb-border-sizes-top:0px;--awb-border-sizes-bottom:0px;--awb-border-sizes-left:0px;--awb-border-sizes-right:0px;--awb-border-color:#eaeaea;--awb-border-radius-top-left:0px;--awb-border-radius-top-right:0px;--awb-border-radius-bottom-right:0px;--awb-border-radius-bottom-left:0px;--awb-padding-top:0px;--awb-padding-bottom:0px;--awb-background-color:#f9f9f9;--awb-flex-wrap:wrap;\" ><div class=\"fusion-builder-row fusion-row\"><div class=\"fusion-layout-column fusion_builder_column fusion-builder-column-0 fusion_builder_column_1_1 1_1 fusion-one-full fusion-column-first fusion-column-last fusion-column-no-min-height\" style=\"--awb-bg-size:cover;--awb-margin-bottom:0px;\"><div class=\"fusion-column-wrapper fusion-flex-column-wrapper-legacy\"><div class=\"fusion-text fusion-text-1\">\n<\/div><div class=\"fusion-clearfix\"><\/div><\/div><\/div><\/div><\/div><div class=\"fusion-fullwidth fullwidth-box fusion-builder-row-2 nonhundred-percent-fullwidth non-hundred-percent-height-scrolling\" style=\"--awb-background-position:left top;--awb-background-repeat:repeat;--awb-border-sizes-top:1px;--awb-border-sizes-bottom:1px;--awb-border-sizes-left:0px;--awb-border-sizes-right:0px;--awb-border-color:#eaeaea;--awb-border-radius-top-left:0px;--awb-border-radius-top-right:0px;--awb-border-radius-bottom-right:0px;--awb-border-radius-bottom-left:0px;--awb-padding-top:20px;--awb-padding-bottom:20px;--awb-background-color:#f9f9f9;--awb-flex-wrap:wrap;\" ><div class=\"fusion-builder-row fusion-row\"><div class=\"fusion-layout-column fusion_builder_column fusion-builder-column-1 fusion_builder_column_1_1 1_1 fusion-one-full fusion-column-first fusion-column-last fusion-column-no-min-height\" style=\"--awb-bg-size:cover;--awb-margin-bottom:0px;\"><div class=\"fusion-column-wrapper fusion-flex-column-wrapper-legacy\"><div class=\"fusion-text fusion-text-2\"><h1 style=\"text-align: center; line-height: 32px !important;\"><\/h1>\n<p><img decoding=\"async\" class=\"aligncenter wp-image-1843\" src=\"https:\/\/puisenina.ee\/wp-content\/uploads\/2018\/04\/emkf-2014-2020-est-el-h.jpg\" alt=\"\" width=\"210\" height=\"88\" srcset=\"https:\/\/puisenina.ee\/wp-content\/uploads\/2018\/04\/emkf-2014-2020-est-el-h-200x83.jpg 200w, https:\/\/puisenina.ee\/wp-content\/uploads\/2018\/04\/emkf-2014-2020-est-el-h-300x125.jpg 300w, https:\/\/puisenina.ee\/wp-content\/uploads\/2018\/04\/emkf-2014-2020-est-el-h.jpg 361w\" sizes=\"(max-width: 210px) 100vw, 210px\" \/><\/p>\n<\/div><div class=\"fusion-clearfix\"><\/div><\/div><\/div><div class=\"fusion-layout-column fusion_builder_column fusion-builder-column-2 fusion_builder_column_1_1 1_1 fusion-one-full fusion-column-first fusion-column-last fusion-column-no-min-height\" style=\"--awb-bg-size:cover;--awb-margin-bottom:0px;\"><div class=\"fusion-column-wrapper fusion-flex-column-wrapper-legacy\"><div class=\"fusion-text fusion-text-3\"><h4 style=\"text-align: center;\"><span style=\"color: #605f5f;\">&#8220;Puise nina talu&#8221; farm &#8211;\u00a0 Close to nature and nature-friendly<\/span><\/h4>\n<h1 style=\"text-align: center; line-height: 32px !important;\">Place where you can enjoy beauty, smells, colours and sounds of nature and the sea<\/h1>\n<\/div><div class=\"fusion-image-element fusion-image-align-center in-legacy-container\" style=\"text-align:center;--awb-caption-title-font-family:var(--h2_typography-font-family);--awb-caption-title-font-weight:var(--h2_typography-font-weight);--awb-caption-title-font-style:var(--h2_typography-font-style);--awb-caption-title-size:var(--h2_typography-font-size);--awb-caption-title-transform:var(--h2_typography-text-transform);--awb-caption-title-line-height:var(--h2_typography-line-height);--awb-caption-title-letter-spacing:var(--h2_typography-letter-spacing);\"><div class=\"imageframe-align-center\"><span class=\" fusion-imageframe imageframe-none imageframe-1 hover-type-none\"><img decoding=\"async\" width=\"150\" height=\"150\" title=\"turvaline\" src=\"https:\/\/puisenina.ee\/wp-content\/uploads\/2021\/12\/turvaline-150x150.png\" alt class=\"img-responsive wp-image-2228\" srcset=\"https:\/\/puisenina.ee\/wp-content\/uploads\/2021\/12\/turvaline-66x66.png 66w, https:\/\/puisenina.ee\/wp-content\/uploads\/2021\/12\/turvaline-150x150.png 150w, https:\/\/puisenina.ee\/wp-content\/uploads\/2021\/12\/turvaline.png 200w\" sizes=\"(max-width: 150px) 100vw, 150px\" \/><\/span><\/div><\/div><div class=\"fusion-text fusion-text-4\" style=\"--awb-text-transform:none;--awb-margin-top:10px;\"><p style=\"text-align: center;\">Puise nina is COVID-19 safe<\/p>\n<\/div><div class=\"fusion-clearfix\"><\/div><\/div><\/div><\/div><\/div><div class=\"fusion-fullwidth fullwidth-box fusion-builder-row-3 nonhundred-percent-fullwidth non-hundred-percent-height-scrolling\" style=\"--awb-background-position:left top;--awb-background-repeat:repeat;--awb-border-sizes-top:1px;--awb-border-sizes-bottom:1px;--awb-border-sizes-left:0px;--awb-border-sizes-right:0px;--awb-border-color:#ffffff;--awb-border-radius-top-left:0px;--awb-border-radius-top-right:0px;--awb-border-radius-bottom-right:0px;--awb-border-radius-bottom-left:0px;--awb-padding-top:30px;--awb-padding-bottom:30px;--awb-background-color:#ffffff;--awb-flex-wrap:wrap;\" ><div class=\"fusion-builder-row fusion-row\"><div class=\"fusion-layout-column fusion_builder_column fusion-builder-column-3 fusion_builder_column_1_3 1_3 fusion-one-third fusion-column-first\" style=\"--awb-bg-size:cover;width:30.6666%; margin-right: 4%;\"><div class=\"fusion-column-wrapper fusion-flex-column-wrapper-legacy\"><div class=\"fusion-image-element in-legacy-container\" style=\"--awb-caption-title-font-family:var(--h2_typography-font-family);--awb-caption-title-font-weight:var(--h2_typography-font-weight);--awb-caption-title-font-style:var(--h2_typography-font-style);--awb-caption-title-size:var(--h2_typography-font-size);--awb-caption-title-transform:var(--h2_typography-text-transform);--awb-caption-title-line-height:var(--h2_typography-line-height);--awb-caption-title-letter-spacing:var(--h2_typography-letter-spacing);\"><span class=\" fusion-imageframe imageframe-none imageframe-2 hover-type-none\"><a class=\"fusion-no-lightbox\" href=\"https:\/\/puisenina.ee\/en\/menu\/\" target=\"_self\" aria-label=\"Kala taignas\"><img decoding=\"async\" width=\"300\" height=\"200\" alt=\"Local fish\" src=\"https:\/\/puisenina.ee\/wp-content\/uploads\/2015\/03\/IMG_2670-300x200.jpg\" class=\"img-responsive wp-image-1980\" srcset=\"https:\/\/puisenina.ee\/wp-content\/uploads\/2015\/03\/IMG_2670-300x200.jpg 300w, https:\/\/puisenina.ee\/wp-content\/uploads\/2015\/03\/IMG_2670.jpg 800w\" sizes=\"(max-width: 300px) 100vw, 300px\" \/><\/a><\/span><\/div><div class=\"fusion-text fusion-text-5\"><h3><a title=\"Kogre K\u00f5rts\" href=\"https:\/\/puisenina.ee\/en\/pub-kogre-korts\/\">&#8220;Kogre K\u00f5rts&#8221; pub<\/a><\/h3>\n<p>&nbsp;<\/p>\n<p>We offer local food- especially local fish.<\/p>\n<p>Dinner is preorder.<\/p>\n<\/div><div class=\"fusion-clearfix\"><\/div><\/div><\/div><div class=\"fusion-layout-column fusion_builder_column fusion-builder-column-4 fusion_builder_column_1_3 1_3 fusion-one-third\" style=\"--awb-bg-size:cover;width:30.6666%; margin-right: 4%;\"><div class=\"fusion-column-wrapper fusion-flex-column-wrapper-legacy\"><div class=\"fusion-image-element in-legacy-container\" style=\"--awb-caption-title-font-family:var(--h2_typography-font-family);--awb-caption-title-font-weight:var(--h2_typography-font-weight);--awb-caption-title-font-style:var(--h2_typography-font-style);--awb-caption-title-size:var(--h2_typography-font-size);--awb-caption-title-transform:var(--h2_typography-text-transform);--awb-caption-title-line-height:var(--h2_typography-line-height);--awb-caption-title-letter-spacing:var(--h2_typography-letter-spacing);\"><span class=\" fusion-imageframe imageframe-none imageframe-3 hover-type-none\"><img decoding=\"async\" width=\"300\" height=\"200\" title=\"3\" src=\"https:\/\/puisenina.ee\/wp-content\/uploads\/2017\/12\/3.jpg\" alt class=\"img-responsive wp-image-2141\" srcset=\"https:\/\/puisenina.ee\/wp-content\/uploads\/2017\/12\/3-200x133.jpg 200w, https:\/\/puisenina.ee\/wp-content\/uploads\/2017\/12\/3.jpg 300w\" sizes=\"(max-width: 800px) 100vw, 300px\" \/><\/span><\/div><div class=\"fusion-text fusion-text-6\"><h3><a href=\" https:\/\/puisenina.ee\/en\/bird-watching-tower\/\">Bird-watching tower<\/a><\/h3>\n<p>Bird-watching tower is suitable for nature lovers, family holiday, romantic evening, brainstorming sessions or spending otherwise good time together in a smaller campaign.<\/p>\n<\/div><div class=\"fusion-clearfix\"><\/div><\/div><\/div><div class=\"fusion-layout-column fusion_builder_column fusion-builder-column-5 fusion_builder_column_1_3 1_3 fusion-one-third fusion-column-last\" style=\"--awb-bg-size:cover;width:30.6666%;\"><div class=\"fusion-column-wrapper fusion-flex-column-wrapper-legacy\"><div class=\"fusion-image-element in-legacy-container\" style=\"--awb-caption-title-font-family:var(--h2_typography-font-family);--awb-caption-title-font-weight:var(--h2_typography-font-weight);--awb-caption-title-font-style:var(--h2_typography-font-style);--awb-caption-title-size:var(--h2_typography-font-size);--awb-caption-title-transform:var(--h2_typography-text-transform);--awb-caption-title-line-height:var(--h2_typography-line-height);--awb-caption-title-letter-spacing:var(--h2_typography-letter-spacing);\"><span class=\" fusion-imageframe imageframe-none imageframe-4 hover-type-none\"><img decoding=\"async\" width=\"300\" height=\"200\" title=\"2\" src=\"https:\/\/puisenina.ee\/wp-content\/uploads\/2017\/12\/2.jpg\" alt class=\"img-responsive wp-image-2140\" srcset=\"https:\/\/puisenina.ee\/wp-content\/uploads\/2017\/12\/2-200x133.jpg 200w, https:\/\/puisenina.ee\/wp-content\/uploads\/2017\/12\/2.jpg 300w\" sizes=\"(max-width: 800px) 100vw, 300px\" \/><\/span><\/div><div class=\"fusion-text fusion-text-7\"><h3><a href=\"https:\/\/puisenina.ee\/en\/accommodation\/\">Accommodation<\/a><\/h3>\n<p>Seaview rooms and garden view rooms.<\/p>\n<p>We have six twin\u00a0rooms and one suite (double room).<\/p>\n<p>Each room has two separate beds and a convertible couch that can be used as an extra bed.<\/p>\n<p>Each room includes a toilet , a shower and TV.<\/p>\n<\/div><div class=\"fusion-clearfix\"><\/div><\/div><\/div><div class=\"fusion-layout-column fusion_builder_column fusion-builder-column-6 fusion_builder_column_1_1 1_1 fusion-one-full fusion-column-first fusion-column-last fusion-column-no-min-height\" style=\"--awb-bg-size:cover;--awb-margin-bottom:0px;\"><div class=\"fusion-column-wrapper fusion-flex-column-wrapper-legacy\"><div class=\"fusion-video fusion-youtube fusion-aligncenter\" style=\"--awb-max-width:600px;--awb-max-height:360px;--awb-width:100%;\"><div class=\"video-shortcode\"><div class=\"fluid-width-video-wrapper\" style=\"padding-top:60%;\" ><iframe title=\"YouTube video player 1\" src=\"https:\/\/www.youtube.com\/embed\/AJO0GST12f8?wmode=transparent&autoplay=0\" width=\"600\" height=\"360\" allowfullscreen allow=\"autoplay; clipboard-write; encrypted-media; gyroscope; picture-in-picture;\"><\/iframe><\/div><\/div><\/div><div class=\"fusion-text fusion-text-8\"><p><script src=\"https:\/\/www.booking.com\/general.html?tmpl=bookit;aid=330843;lang=en;hotel_id=1076886;cc1=ee;hotel_page=puise-nina-guest-house\"><\/script><\/p>\n<\/div><div class=\"fusion-clearfix\"><\/div><\/div><\/div><\/div><\/div><div class=\"fusion-fullwidth fullwidth-box fusion-builder-row-4 hundred-percent-fullwidth non-hundred-percent-height-scrolling\" style=\"--awb-border-radius-top-left:0px;--awb-border-radius-top-right:0px;--awb-border-radius-bottom-right:0px;--awb-border-radius-bottom-left:0px;--awb-overflow:visible;--awb-padding-right:0px;--awb-padding-left:0px;--awb-flex-wrap:wrap;\" ><div class=\"fusion-builder-row fusion-row\"><div class=\"fusion-layout-column fusion_builder_column fusion-builder-column-7 fusion_builder_column_1_1 1_1 fusion-one-full fusion-column-first fusion-column-last fusion-column-no-min-height\" style=\"--awb-bg-size:cover;--awb-margin-bottom:0px;\"><div class=\"fusion-column-wrapper fusion-flex-column-wrapper-legacy\"><div class=\"fusion-text fusion-text-9\"><p><iframe style=\"border: 0;\" src=\"https:\/\/www.google.com\/maps\/embed?pb=!1m18!1m12!1m3!1d66152.50402371526!2d23.524175877851256!3d58.79274533046276!2m3!1f0!2f0!3f0!3m2!1i1024!2i768!4f13.1!3m3!1m2!1s0x46ed604a96ab46ed%3A0x6c5427509bc73934!2sPuise+Nina+K%C3%BClalistemaja!5e0!3m2!1set!2see!4v1509350553297\" width=\"1920\" height=\"400\" frameborder=\"0\" allowfullscreen=\"allowfullscreen\"><\/iframe><\/p>\n<\/div><div class=\"fusion-clearfix\"><\/div><\/div><\/div><\/div><\/div><\/p>\n","protected":false},"excerpt":{"rendered":"","protected":false},"author":5,"featured_media":0,"parent":0,"menu_order":0,"comment_status":"closed","ping_status":"closed","template":"100-width.php","meta":{"footnotes":""},"class_list":["post-514","page","type-page","status-publish","hentry"],"yoast_head":"<!-- This site is optimized with the Yoast SEO plugin v27.4 - https:\/\/yoast.com\/product\/yoast-seo-wordpress\/ -->\n<title>&quot;Puise nina farm`` -Birdwatching in Estonia, L\u00e4\u00e4nemaa. Close to nature<\/title>\n<meta name=\"description\" content=\"&quot;Puise nina&quot; farm - Close to nature and nature-friendly. Birdwatching and accommodation in Estonia, L\u00e4\u00e4nemaa , Matsalu National Park.\" \/>\n<meta name=\"robots\" content=\"index, follow, max-snippet:-1, max-image-preview:large, max-video-preview:-1\" \/>\n<link rel=\"canonical\" href=\"https:\/\/puisenina.ee\/en\/\" \/>\n<meta property=\"og:locale\" content=\"en_US\" \/>\n<meta property=\"og:type\" content=\"article\" \/>\n<meta property=\"og:title\" content=\"&quot;Puise nina farm`` -Birdwatching in Estonia, L\u00e4\u00e4nemaa. Close to nature\" \/>\n<meta property=\"og:description\" content=\"&quot;Puise nina&quot; farm - Close to nature and nature-friendly. Birdwatching and accommodation in Estonia, L\u00e4\u00e4nemaa , Matsalu National Park.\" \/>\n<meta property=\"og:url\" content=\"https:\/\/puisenina.ee\/en\/\" \/>\n<meta property=\"og:site_name\" content=\"Puise Nina k\u00fclalistemaja\" \/>\n<meta property=\"article:modified_time\" content=\"2021-12-08T16:54:51+00:00\" \/>\n<meta property=\"og:image\" content=\"https:\/\/puisenina.ee\/wp-content\/uploads\/2018\/04\/emkf-2014-2020-est-el-h.jpg\" \/>\n<meta name=\"twitter:label1\" content=\"Est. reading time\" \/>\n\t<meta name=\"twitter:data1\" content=\"9 minutes\" \/>\n<script type=\"application\/ld+json\" class=\"yoast-schema-graph\">{\"@context\":\"https:\\\/\\\/schema.org\",\"@graph\":[{\"@type\":\"WebPage\",\"@id\":\"https:\\\/\\\/puisenina.ee\\\/en\\\/\",\"url\":\"https:\\\/\\\/puisenina.ee\\\/en\\\/\",\"name\":\"\\\"Puise nina farm`` -Birdwatching in Estonia, L\u00e4\u00e4nemaa. Close to nature\",\"isPartOf\":{\"@id\":\"https:\\\/\\\/puisenina.ee\\\/#website\"},\"primaryImageOfPage\":{\"@id\":\"https:\\\/\\\/puisenina.ee\\\/en\\\/#primaryimage\"},\"image\":{\"@id\":\"https:\\\/\\\/puisenina.ee\\\/en\\\/#primaryimage\"},\"thumbnailUrl\":\"https:\\\/\\\/puisenina.ee\\\/wp-content\\\/uploads\\\/2018\\\/04\\\/emkf-2014-2020-est-el-h.jpg\",\"datePublished\":\"2013-02-13T10:28:28+00:00\",\"dateModified\":\"2021-12-08T16:54:51+00:00\",\"description\":\"\\\"Puise nina\\\" farm - Close to nature and nature-friendly. Birdwatching and accommodation in Estonia, L\u00e4\u00e4nemaa , Matsalu National Park.\",\"breadcrumb\":{\"@id\":\"https:\\\/\\\/puisenina.ee\\\/en\\\/#breadcrumb\"},\"inLanguage\":\"en-US\",\"potentialAction\":[{\"@type\":\"ReadAction\",\"target\":[\"https:\\\/\\\/puisenina.ee\\\/en\\\/\"]}]},{\"@type\":\"ImageObject\",\"inLanguage\":\"en-US\",\"@id\":\"https:\\\/\\\/puisenina.ee\\\/en\\\/#primaryimage\",\"url\":\"https:\\\/\\\/puisenina.ee\\\/wp-content\\\/uploads\\\/2018\\\/04\\\/emkf-2014-2020-est-el-h.jpg\",\"contentUrl\":\"https:\\\/\\\/puisenina.ee\\\/wp-content\\\/uploads\\\/2018\\\/04\\\/emkf-2014-2020-est-el-h.jpg\"},{\"@type\":\"BreadcrumbList\",\"@id\":\"https:\\\/\\\/puisenina.ee\\\/en\\\/#breadcrumb\",\"itemListElement\":[{\"@type\":\"ListItem\",\"position\":1,\"name\":\"Home\",\"item\":\"https:\\\/\\\/puisenina.ee\\\/en\\\/\"},{\"@type\":\"ListItem\",\"position\":2,\"name\":\"&#8220;Puise nina talu&#8221; farm &#8211; Close to nature and nature-friendly\"}]},{\"@type\":\"WebSite\",\"@id\":\"https:\\\/\\\/puisenina.ee\\\/#website\",\"url\":\"https:\\\/\\\/puisenina.ee\\\/\",\"name\":\"Puise Nina k\u00fclalistemaja\",\"description\":\"Maal\u00e4hedane ja looduss\u00f5bralik puhkus\",\"potentialAction\":[{\"@type\":\"SearchAction\",\"target\":{\"@type\":\"EntryPoint\",\"urlTemplate\":\"https:\\\/\\\/puisenina.ee\\\/?s={search_term_string}\"},\"query-input\":{\"@type\":\"PropertyValueSpecification\",\"valueRequired\":true,\"valueName\":\"search_term_string\"}}],\"inLanguage\":\"en-US\"}]}<\/script>\n<!-- \/ Yoast SEO plugin. -->","yoast_head_json":{"title":"\"Puise nina farm`` -Birdwatching in Estonia, L\u00e4\u00e4nemaa. Close to nature","description":"\"Puise nina\" farm - Close to nature and nature-friendly. Birdwatching and accommodation in Estonia, L\u00e4\u00e4nemaa , Matsalu National Park.","robots":{"index":"index","follow":"follow","max-snippet":"max-snippet:-1","max-image-preview":"max-image-preview:large","max-video-preview":"max-video-preview:-1"},"canonical":"https:\/\/puisenina.ee\/en\/","og_locale":"en_US","og_type":"article","og_title":"\"Puise nina farm`` -Birdwatching in Estonia, L\u00e4\u00e4nemaa. Close to nature","og_description":"\"Puise nina\" farm - Close to nature and nature-friendly. Birdwatching and accommodation in Estonia, L\u00e4\u00e4nemaa , Matsalu National Park.","og_url":"https:\/\/puisenina.ee\/en\/","og_site_name":"Puise Nina k\u00fclalistemaja","article_modified_time":"2021-12-08T16:54:51+00:00","og_image":[{"url":"https:\/\/puisenina.ee\/wp-content\/uploads\/2018\/04\/emkf-2014-2020-est-el-h.jpg","type":"","width":"","height":""}],"twitter_misc":{"Est. reading time":"9 minutes"},"schema":{"@context":"https:\/\/schema.org","@graph":[{"@type":"WebPage","@id":"https:\/\/puisenina.ee\/en\/","url":"https:\/\/puisenina.ee\/en\/","name":"\"Puise nina farm`` -Birdwatching in Estonia, L\u00e4\u00e4nemaa. Close to nature","isPartOf":{"@id":"https:\/\/puisenina.ee\/#website"},"primaryImageOfPage":{"@id":"https:\/\/puisenina.ee\/en\/#primaryimage"},"image":{"@id":"https:\/\/puisenina.ee\/en\/#primaryimage"},"thumbnailUrl":"https:\/\/puisenina.ee\/wp-content\/uploads\/2018\/04\/emkf-2014-2020-est-el-h.jpg","datePublished":"2013-02-13T10:28:28+00:00","dateModified":"2021-12-08T16:54:51+00:00","description":"\"Puise nina\" farm - Close to nature and nature-friendly. Birdwatching and accommodation in Estonia, L\u00e4\u00e4nemaa , Matsalu National Park.","breadcrumb":{"@id":"https:\/\/puisenina.ee\/en\/#breadcrumb"},"inLanguage":"en-US","potentialAction":[{"@type":"ReadAction","target":["https:\/\/puisenina.ee\/en\/"]}]},{"@type":"ImageObject","inLanguage":"en-US","@id":"https:\/\/puisenina.ee\/en\/#primaryimage","url":"https:\/\/puisenina.ee\/wp-content\/uploads\/2018\/04\/emkf-2014-2020-est-el-h.jpg","contentUrl":"https:\/\/puisenina.ee\/wp-content\/uploads\/2018\/04\/emkf-2014-2020-est-el-h.jpg"},{"@type":"BreadcrumbList","@id":"https:\/\/puisenina.ee\/en\/#breadcrumb","itemListElement":[{"@type":"ListItem","position":1,"name":"Home","item":"https:\/\/puisenina.ee\/en\/"},{"@type":"ListItem","position":2,"name":"&#8220;Puise nina talu&#8221; farm &#8211; Close to nature and nature-friendly"}]},{"@type":"WebSite","@id":"https:\/\/puisenina.ee\/#website","url":"https:\/\/puisenina.ee\/","name":"Puise Nina k\u00fclalistemaja","description":"Maal\u00e4hedane ja looduss\u00f5bralik puhkus","potentialAction":[{"@type":"SearchAction","target":{"@type":"EntryPoint","urlTemplate":"https:\/\/puisenina.ee\/?s={search_term_string}"},"query-input":{"@type":"PropertyValueSpecification","valueRequired":true,"valueName":"search_term_string"}}],"inLanguage":"en-US"}]}},"_links":{"self":[{"href":"https:\/\/puisenina.ee\/en\/wp-json\/wp\/v2\/pages\/514","targetHints":{"allow":["GET"]}}],"collection":[{"href":"https:\/\/puisenina.ee\/en\/wp-json\/wp\/v2\/pages"}],"about":[{"href":"https:\/\/puisenina.ee\/en\/wp-json\/wp\/v2\/types\/page"}],"author":[{"embeddable":true,"href":"https:\/\/puisenina.ee\/en\/wp-json\/wp\/v2\/users\/5"}],"replies":[{"embeddable":true,"href":"https:\/\/puisenina.ee\/en\/wp-json\/wp\/v2\/comments?post=514"}],"version-history":[{"count":5,"href":"https:\/\/puisenina.ee\/en\/wp-json\/wp\/v2\/pages\/514\/revisions"}],"predecessor-version":[{"id":2236,"href":"https:\/\/puisenina.ee\/en\/wp-json\/wp\/v2\/pages\/514\/revisions\/2236"}],"wp:attachment":[{"href":"https:\/\/puisenina.ee\/en\/wp-json\/wp\/v2\/media?parent=514"}],"curies":[{"name":"wp","href":"https:\/\/api.w.org\/{rel}","templated":true}]}}